{"id":14408,"date":"2025-02-13T09:47:01","date_gmt":"2025-02-13T08:47:01","guid":{"rendered":"https:\/\/ofmchemicals.com\/producto-ofm\/econatur-crem-25l\/"},"modified":"2025-02-13T09:47:01","modified_gmt":"2025-02-13T08:47:01","slug":"econatur-crem-25l","status":"publish","type":"product","link":"https:\/\/ofmchemicals.com\/fr\/tienda-online-de-productos-quimicos\/econatur-crem-25l\/","title":{"rendered":"ECONATUR CREM 25L"},"content":{"rendered":"<p class=\"p1\"><b>OFM-ECONATUR CREM 25L<\/b><\/p>\n<p class=\"p1\">ECONATUR CREM est une cr\u00e8me cosm\u00e9tique sp\u00e9cialement con\u00e7ue pour le lavage des mains dans l&rsquo;industrie automobile. Cette formule respectueuse de l&rsquo;environnement offre un nettoyage efficace et doux, permettant de soigner les mains expos\u00e9es aux diverses conditions de travail dans le secteur automobile. <\/p>\n<p>Avec des ingr\u00e9dients naturels et respectueux de l&rsquo;environnement, ECONATUR CREM garantit un nettoyage en profondeur et maintient en m\u00eame temps la peau hydrat\u00e9e, en prot\u00e9geant sa douceur et son \u00e9lasticit\u00e9. Il s&rsquo;agit du format 25L. <\/p>\n<hr>\n<p class=\"p1\"><b>FORMATS<\/b><\/p>\n<p class=\"p1\">5L, 25L<\/p>\n<hr>\n<p class=\"p1\"><b>MODE D&rsquo;EMPLOI<\/b><\/p>\n<p class=\"p1\">ECONATUR CREM s&rsquo;applique directement sur les mains sales avant de les mouiller. Appliquez une dose de 6 \u00e0 7 grammes de produit, frottez pendant quelques minutes jusqu&rsquo;\u00e0 ce que la salet\u00e9 soit bien \u00e9mulsionn\u00e9e et rincez enfin abondamment \u00e0 l&rsquo;eau. R\u00e9p\u00e9tez l&rsquo;op\u00e9ration si n\u00e9cessaire, en cas de salissures tr\u00e8s importantes.  <\/p>\n<hr>\n<p class=\"p1\"><b>AVERTISSEMENTS<\/b><\/p>\n<p class=\"p1\">\n","protected":false},"excerpt":{"rendered":"<p>P\u00e2te \u00e0 main m\u00e9canique \u00e9cologique. 25L. <\/p>\n","protected":false},"featured_media":13569,"comment_status":"closed","ping_status":"open","template":"","meta":{"inline_featured_image":false,"_jet_sm_ready_style":"","_jet_sm_style":"","_jet_sm_controls_values":"","_jet_sm_fonts_collection":"","_jet_sm_fonts_links":"","_joinchat":[]},"product_brand":[],"product_cat":[815,746,852],"product_tag":[757,753,853,754,758,856,854],"class_list":{"0":"post-14408","1":"product","2":"type-product","3":"status-publish","4":"has-post-thumbnail","6":"product_cat-atelier","7":"product_cat-automobile","8":"product_cat-savon","9":"product_tag-biodegradable-fr-2","10":"product_tag-detaillant","11":"product_tag-nettoyage-des-tissus-dameublement","12":"product_tag-nettoyage-des-vehicules","13":"product_tag-ofm-chemicals-fr","14":"product_tag-tableau-de-bord-en-alcantara-fr","15":"product_tag-tableau-de-bord-en-cuir","17":"first","18":"instock","19":"taxable","20":"shipping-taxable","21":"purchasable","22":"product-type-simple"},"_links":{"self":[{"href":"https:\/\/ofmchemicals.com\/fr\/wp-json\/wp\/v2\/product\/14408","targetHints":{"allow":["GET"]}}],"collection":[{"href":"https:\/\/ofmchemicals.com\/fr\/wp-json\/wp\/v2\/product"}],"about":[{"href":"https:\/\/ofmchemicals.com\/fr\/wp-json\/wp\/v2\/types\/product"}],"replies":[{"embeddable":true,"href":"https:\/\/ofmchemicals.com\/fr\/wp-json\/wp\/v2\/comments?post=14408"}],"version-history":[{"count":0,"href":"https:\/\/ofmchemicals.com\/fr\/wp-json\/wp\/v2\/product\/14408\/revisions"}],"wp:featuredmedia":[{"embeddable":true,"href":"https:\/\/ofmchemicals.com\/fr\/wp-json\/wp\/v2\/media\/13569"}],"wp:attachment":[{"href":"https:\/\/ofmchemicals.com\/fr\/wp-json\/wp\/v2\/media?parent=14408"}],"wp:term":[{"taxonomy":"product_brand","embeddable":true,"href":"https:\/\/ofmchemicals.com\/fr\/wp-json\/wp\/v2\/product_brand?post=14408"},{"taxonomy":"product_cat","embeddable":true,"href":"https:\/\/ofmchemicals.com\/fr\/wp-json\/wp\/v2\/product_cat?post=14408"},{"taxonomy":"product_tag","embeddable":true,"href":"https:\/\/ofmchemicals.com\/fr\/wp-json\/wp\/v2\/product_tag?post=14408"}],"curies":[{"name":"wp","href":"https:\/\/api.w.org\/{rel}","templated":true}]}}