{"id":14382,"date":"2025-02-13T09:46:49","date_gmt":"2025-02-13T08:46:49","guid":{"rendered":"https:\/\/ofmchemicals.com\/producto-ofm\/tire-shine-gel-x-5l\/"},"modified":"2025-02-13T09:46:49","modified_gmt":"2025-02-13T08:46:49","slug":"tire-shine-gel-x-5l","status":"publish","type":"product","link":"https:\/\/ofmchemicals.com\/fr\/tienda-online-de-productos-quimicos\/tire-shine-gel-x-5l\/","title":{"rendered":"TIRE SHINE GEL-X 5L"},"content":{"rendered":"<p class=\"p1\"><b>OFM-TIRE SHINE GEL-X 5L<\/b><\/p>\n<p class=\"p1\">TIRE SHINE GEL-X est un produit de polissage pour les pneus et le caoutchouc. Notre lustrant pour pneus est un produit sp\u00e9cialement con\u00e7u pour donner un brillant intense \u00e0 vos pneus. Brillance longue dur\u00e9e : donne une finition brillante qui r\u00e9siste \u00e0 l&rsquo;\u00e9preuve du temps. Manipulation s\u00fbre : sans solvant, il n&rsquo;endommage ni ne dess\u00e8che le caoutchouc et est ininflammable. Donne aux pneus une apparence rajeunie et attrayante. Il s&rsquo;agit du format 5L.     <\/p>\n<hr>\n<p class=\"p1\"><b>FORMATS<\/b><\/p>\n<p class=\"p1\">5L, 25L, IBC<\/p>\n<hr>\n<p class=\"p1\"><b>MODE D&rsquo;EMPLOI<\/b><\/p>\n<p class=\"p1\">Le produit pur s&rsquo;utilise en l&rsquo;appliquant directement sur le pneu par contact, de mani\u00e8re \u00e0 ce qu&rsquo;il soit r\u00e9parti uniform\u00e9ment sur toute la surface, \u00e0 appliquer avec un chiffon ou une \u00e9ponge. PRODUIT 100% BIOD\u00c9GRADABLE <\/p>\n<hr>\n<p class=\"p1\"><b>AVERTISSEMENTS<\/b><\/p>\n<p class=\"p1\">\n","protected":false},"excerpt":{"rendered":"<p>Polissage des pneus 5L.<\/p>\n","protected":false},"featured_media":13849,"comment_status":"closed","ping_status":"closed","template":"","meta":{"inline_featured_image":false,"_jet_sm_ready_style":"","_jet_sm_style":"","_jet_sm_controls_values":"","_jet_sm_fonts_collection":"","_jet_sm_fonts_links":"","_joinchat":[]},"product_brand":[],"product_cat":[748,746,747,752,750],"product_tag":[757,753,754,755,758],"class_list":{"0":"post-14382","1":"product","2":"type-product","3":"status-publish","4":"has-post-thumbnail","6":"product_cat-a-lexterieur","7":"product_cat-automobile","8":"product_cat-detaillant","9":"product_cat-plastiques-et-caoutchouc","10":"product_cat-roues-et-pneus-fr","11":"product_tag-biodegradable-fr-2","12":"product_tag-detaillant","13":"product_tag-nettoyage-des-vehicules","14":"product_tag-nettoyage-exterieur-des-vehicules","15":"product_tag-ofm-chemicals-fr","17":"first","18":"instock","19":"taxable","20":"shipping-taxable","21":"purchasable","22":"product-type-simple"},"_links":{"self":[{"href":"https:\/\/ofmchemicals.com\/fr\/wp-json\/wp\/v2\/product\/14382","targetHints":{"allow":["GET"]}}],"collection":[{"href":"https:\/\/ofmchemicals.com\/fr\/wp-json\/wp\/v2\/product"}],"about":[{"href":"https:\/\/ofmchemicals.com\/fr\/wp-json\/wp\/v2\/types\/product"}],"replies":[{"embeddable":true,"href":"https:\/\/ofmchemicals.com\/fr\/wp-json\/wp\/v2\/comments?post=14382"}],"version-history":[{"count":0,"href":"https:\/\/ofmchemicals.com\/fr\/wp-json\/wp\/v2\/product\/14382\/revisions"}],"wp:featuredmedia":[{"embeddable":true,"href":"https:\/\/ofmchemicals.com\/fr\/wp-json\/wp\/v2\/media\/13849"}],"wp:attachment":[{"href":"https:\/\/ofmchemicals.com\/fr\/wp-json\/wp\/v2\/media?parent=14382"}],"wp:term":[{"taxonomy":"product_brand","embeddable":true,"href":"https:\/\/ofmchemicals.com\/fr\/wp-json\/wp\/v2\/product_brand?post=14382"},{"taxonomy":"product_cat","embeddable":true,"href":"https:\/\/ofmchemicals.com\/fr\/wp-json\/wp\/v2\/product_cat?post=14382"},{"taxonomy":"product_tag","embeddable":true,"href":"https:\/\/ofmchemicals.com\/fr\/wp-json\/wp\/v2\/product_tag?post=14382"}],"curies":[{"name":"wp","href":"https:\/\/api.w.org\/{rel}","templated":true}]}}