{"id":14365,"date":"2025-02-13T09:46:49","date_gmt":"2025-02-13T08:46:49","guid":{"rendered":"https:\/\/ofmchemicals.com\/producto-ofm\/polymere-pour-phares-600ml\/"},"modified":"2025-02-13T09:46:49","modified_gmt":"2025-02-13T08:46:49","slug":"polymere-pour-phares-600ml","status":"publish","type":"product","link":"https:\/\/ofmchemicals.com\/fr\/tienda-online-de-productos-quimicos\/polymere-pour-phares-600ml\/","title":{"rendered":"POLYM\u00c8RE POUR PHARES 600ML"},"content":{"rendered":"<p class=\"p1\"><b>OFM-POLYM\u00c8RE PHARES 600ML<\/b><\/p>\n<p class=\"p1\">Polym\u00e8re de restauration de phare \u00e0 utiliser par syst\u00e8me de pulv\u00e9risation (Th\u00e9i\u00e8re) Ce fluide de restauration de phare, ou polym\u00e8re de phare, cr\u00e9e une nouvelle couche protectrice \u00e0 la surface du phare, assure une transparence parfaite, sans vitrage ni teinte, prot\u00e8ge le phare des rayons UV jusqu&rsquo;\u00e0 3 ans. Il s&rsquo;agit du format 600ML. <\/p>\n<hr>\n<p class=\"p1\"><b>FORMATS<\/b><\/p>\n<p class=\"p1\">600ML<\/p>\n<hr>\n<p class=\"p1\"><b>MODE D&rsquo;EMPLOI<\/b><\/p>\n<p class=\"p1\">Exclusif pour la bouilloire ou le vaporisateur sp\u00e9cifique pour les phares.<\/p>\n<hr>\n<p class=\"p1\"><b>AVERTISSEMENTS<\/b><\/p>\n<p class=\"p1\">Ne pas utiliser directement sur le plastique ou d&rsquo;autres surfaces. Porter des gants de protection lors de la manipulation. Porter un masque \u00e0 charbon actif pendant l&rsquo;application. USAGE PROFESSIONNEL.   <\/p>\n<p>PRODUIT 100% BIOD\u00c9GRADABLE<\/p>\n","protected":false},"excerpt":{"rendered":"<p>Lampe frontale en polym\u00e8re 600ML.<\/p>\n","protected":false},"featured_media":14707,"comment_status":"closed","ping_status":"closed","template":"","meta":{"inline_featured_image":false,"_jet_sm_ready_style":"","_jet_sm_style":"","_jet_sm_controls_values":"","_jet_sm_fonts_collection":"","_jet_sm_fonts_links":"","_joinchat":[]},"product_brand":[],"product_cat":[748,746,747,830],"product_tag":[831,758],"class_list":{"0":"post-14365","1":"product","2":"type-product","3":"status-publish","4":"has-post-thumbnail","6":"product_cat-a-lexterieur","7":"product_cat-automobile","8":"product_cat-detaillant","9":"product_cat-vitres-et-projecteurs","10":"product_tag-nettoyeur-de-vitres","11":"product_tag-ofm-chemicals-fr","13":"first","14":"instock","15":"taxable","16":"shipping-taxable","17":"purchasable","18":"product-type-simple"},"_links":{"self":[{"href":"https:\/\/ofmchemicals.com\/fr\/wp-json\/wp\/v2\/product\/14365","targetHints":{"allow":["GET"]}}],"collection":[{"href":"https:\/\/ofmchemicals.com\/fr\/wp-json\/wp\/v2\/product"}],"about":[{"href":"https:\/\/ofmchemicals.com\/fr\/wp-json\/wp\/v2\/types\/product"}],"replies":[{"embeddable":true,"href":"https:\/\/ofmchemicals.com\/fr\/wp-json\/wp\/v2\/comments?post=14365"}],"version-history":[{"count":0,"href":"https:\/\/ofmchemicals.com\/fr\/wp-json\/wp\/v2\/product\/14365\/revisions"}],"wp:featuredmedia":[{"embeddable":true,"href":"https:\/\/ofmchemicals.com\/fr\/wp-json\/wp\/v2\/media\/14707"}],"wp:attachment":[{"href":"https:\/\/ofmchemicals.com\/fr\/wp-json\/wp\/v2\/media?parent=14365"}],"wp:term":[{"taxonomy":"product_brand","embeddable":true,"href":"https:\/\/ofmchemicals.com\/fr\/wp-json\/wp\/v2\/product_brand?post=14365"},{"taxonomy":"product_cat","embeddable":true,"href":"https:\/\/ofmchemicals.com\/fr\/wp-json\/wp\/v2\/product_cat?post=14365"},{"taxonomy":"product_tag","embeddable":true,"href":"https:\/\/ofmchemicals.com\/fr\/wp-json\/wp\/v2\/product_tag?post=14365"}],"curies":[{"name":"wp","href":"https:\/\/api.w.org\/{rel}","templated":true}]}}