{"id":14359,"date":"2025-02-13T09:46:49","date_gmt":"2025-02-13T08:46:49","guid":{"rendered":"https:\/\/ofmchemicals.com\/producto-ofm\/motor-clean-5l\/"},"modified":"2025-02-13T09:46:49","modified_gmt":"2025-02-13T08:46:49","slug":"motor-clean-5l","status":"publish","type":"product","link":"https:\/\/ofmchemicals.com\/fr\/tienda-online-de-productos-quimicos\/motor-clean-5l\/","title":{"rendered":"MOTOR CLEAN 5L"},"content":{"rendered":"<p class=\"p1\"><b>OFM-MOTOR CLEAN 5L<\/b><\/p>\n<p class=\"p1\">MOTOR CLEAN est un puissant d\u00e9graissant parfum\u00e9, r\u00e9put\u00e9 pour son pouvoir nettoyant exceptionnel gr\u00e2ce \u00e0 ses composants \u00e9mulsifiants, mouillants et solvants. Con\u00e7u pour \u00e9liminer efficacement la graisse, l&rsquo;huile, la salet\u00e9 et les souillures diverses, ce produit adh\u00e8re aux surfaces, ce qui am\u00e9liore les performances et permet un rin\u00e7age facile \u00e0 l&rsquo;eau. De plus, sa formule contient des solvants naturels, ce qui en fait un produit respectueux de l&rsquo;environnement. Il s&rsquo;agit du format 5L.   <\/p>\n<hr>\n<p class=\"p1\"><b>FORMATS<\/b><\/p>\n<p class=\"p1\">5L, 25L, IBC<\/p>\n<hr>\n<p class=\"p1\"><b>MODE D&rsquo;EMPLOI<\/b><\/p>\n<p class=\"p1\">Dilution de 5% \u00e0 pure en fonction de la salet\u00e9 accumul\u00e9e et de l&rsquo;application. Convient pour le pistolet tornado, pulv\u00e9risation directe. Laisser agir et rincer.  <\/p>\n<hr>\n<p class=\"p1\"><b>AVERTISSEMENTS<\/b><\/p>\n<p class=\"p1\">\n<p>PRODUIT 100% BIOD\u00c9GRADABLE<\/p>\n","protected":false},"excerpt":{"rendered":"<p>D\u00e9graissant \u00e9cologique pour moteur 5L.<\/p>\n","protected":false},"featured_media":13789,"comment_status":"closed","ping_status":"open","template":"","meta":{"inline_featured_image":false,"_jet_sm_ready_style":"","_jet_sm_style":"","_jet_sm_controls_values":"","_jet_sm_fonts_collection":"","_jet_sm_fonts_links":"","_joinchat":[]},"product_brand":[],"product_cat":[748,746,747],"product_tag":[757,753,754,755,758],"class_list":{"0":"post-14359","1":"product","2":"type-product","3":"status-publish","4":"has-post-thumbnail","6":"product_cat-a-lexterieur","7":"product_cat-automobile","8":"product_cat-detaillant","9":"product_tag-biodegradable-fr-2","10":"product_tag-detaillant","11":"product_tag-nettoyage-des-vehicules","12":"product_tag-nettoyage-exterieur-des-vehicules","13":"product_tag-ofm-chemicals-fr","15":"first","16":"instock","17":"taxable","18":"shipping-taxable","19":"purchasable","20":"product-type-simple"},"_links":{"self":[{"href":"https:\/\/ofmchemicals.com\/fr\/wp-json\/wp\/v2\/product\/14359","targetHints":{"allow":["GET"]}}],"collection":[{"href":"https:\/\/ofmchemicals.com\/fr\/wp-json\/wp\/v2\/product"}],"about":[{"href":"https:\/\/ofmchemicals.com\/fr\/wp-json\/wp\/v2\/types\/product"}],"replies":[{"embeddable":true,"href":"https:\/\/ofmchemicals.com\/fr\/wp-json\/wp\/v2\/comments?post=14359"}],"version-history":[{"count":0,"href":"https:\/\/ofmchemicals.com\/fr\/wp-json\/wp\/v2\/product\/14359\/revisions"}],"wp:featuredmedia":[{"embeddable":true,"href":"https:\/\/ofmchemicals.com\/fr\/wp-json\/wp\/v2\/media\/13789"}],"wp:attachment":[{"href":"https:\/\/ofmchemicals.com\/fr\/wp-json\/wp\/v2\/media?parent=14359"}],"wp:term":[{"taxonomy":"product_brand","embeddable":true,"href":"https:\/\/ofmchemicals.com\/fr\/wp-json\/wp\/v2\/product_brand?post=14359"},{"taxonomy":"product_cat","embeddable":true,"href":"https:\/\/ofmchemicals.com\/fr\/wp-json\/wp\/v2\/product_cat?post=14359"},{"taxonomy":"product_tag","embeddable":true,"href":"https:\/\/ofmchemicals.com\/fr\/wp-json\/wp\/v2\/product_tag?post=14359"}],"curies":[{"name":"wp","href":"https:\/\/api.w.org\/{rel}","templated":true}]}}