{"id":14339,"date":"2025-02-13T09:46:49","date_gmt":"2025-02-13T08:46:49","guid":{"rendered":"https:\/\/ofmchemicals.com\/producto-ofm\/car-new-5l\/"},"modified":"2025-02-13T09:46:49","modified_gmt":"2025-02-13T08:46:49","slug":"car-new-5l","status":"publish","type":"product","link":"https:\/\/ofmchemicals.com\/fr\/tienda-online-de-productos-quimicos\/car-new-5l\/","title":{"rendered":"CAR-NEW 5L"},"content":{"rendered":"<p class=\"p1\"><b>OFM-CAR-NEW 5L<\/b><\/p>\n<p class=\"p1\">Il s&rsquo;agit d&rsquo;un d\u00e9sodorisant fabriqu\u00e9 \u00e0 partir d&rsquo;une s\u00e9lection des meilleures essences naturelles et synth\u00e9tiques. Il parfume le v\u00e9hicule d&rsquo;un ar\u00f4me agr\u00e9able, son effet dure des heures, donnant la sensation d&rsquo;une atmosph\u00e8re propre et fra\u00eeche. Il s&rsquo;agit du format 5L.  <\/p>\n<hr>\n<p class=\"p1\"><b>FORMATS<\/b><\/p>\n<p class=\"p1\">5L, 25L, IBC<\/p>\n<hr>\n<p class=\"p1\"><b>MODE D&rsquo;EMPLOI<\/b><\/p>\n<p class=\"p1\">Vaporisez sur les tapis de voiture et le coffre pour un parfum indirect et durable.<\/p>\n<hr>\n<p class=\"p1\"><b>AVERTISSEMENTS<\/b><\/p>\n<p class=\"p1\">\n","protected":false},"excerpt":{"rendered":"<p>D\u00e9sodorisant 5L.<\/p>\n","protected":false},"featured_media":13701,"comment_status":"closed","ping_status":"open","template":"","meta":{"inline_featured_image":false,"_jet_sm_ready_style":"","_jet_sm_style":"","_jet_sm_controls_values":"","_jet_sm_fonts_collection":"","_jet_sm_fonts_links":"","_joinchat":[]},"product_brand":[],"product_cat":[805,746,806,747],"product_tag":[757,753,754,758],"class_list":{"0":"post-14339","1":"product","2":"type-product","3":"status-publish","4":"has-post-thumbnail","6":"product_cat-a-linterieur","7":"product_cat-automobile","8":"product_cat-desodorisant","9":"product_cat-detaillant","10":"product_tag-biodegradable-fr-2","11":"product_tag-detaillant","12":"product_tag-nettoyage-des-vehicules","13":"product_tag-ofm-chemicals-fr","15":"first","16":"instock","17":"taxable","18":"shipping-taxable","19":"purchasable","20":"product-type-simple"},"_links":{"self":[{"href":"https:\/\/ofmchemicals.com\/fr\/wp-json\/wp\/v2\/product\/14339","targetHints":{"allow":["GET"]}}],"collection":[{"href":"https:\/\/ofmchemicals.com\/fr\/wp-json\/wp\/v2\/product"}],"about":[{"href":"https:\/\/ofmchemicals.com\/fr\/wp-json\/wp\/v2\/types\/product"}],"replies":[{"embeddable":true,"href":"https:\/\/ofmchemicals.com\/fr\/wp-json\/wp\/v2\/comments?post=14339"}],"version-history":[{"count":0,"href":"https:\/\/ofmchemicals.com\/fr\/wp-json\/wp\/v2\/product\/14339\/revisions"}],"wp:featuredmedia":[{"embeddable":true,"href":"https:\/\/ofmchemicals.com\/fr\/wp-json\/wp\/v2\/media\/13701"}],"wp:attachment":[{"href":"https:\/\/ofmchemicals.com\/fr\/wp-json\/wp\/v2\/media?parent=14339"}],"wp:term":[{"taxonomy":"product_brand","embeddable":true,"href":"https:\/\/ofmchemicals.com\/fr\/wp-json\/wp\/v2\/product_brand?post=14339"},{"taxonomy":"product_cat","embeddable":true,"href":"https:\/\/ofmchemicals.com\/fr\/wp-json\/wp\/v2\/product_cat?post=14339"},{"taxonomy":"product_tag","embeddable":true,"href":"https:\/\/ofmchemicals.com\/fr\/wp-json\/wp\/v2\/product_tag?post=14339"}],"curies":[{"name":"wp","href":"https:\/\/api.w.org\/{rel}","templated":true}]}}