{"id":14300,"date":"2025-02-13T09:46:38","date_gmt":"2025-02-13T08:46:38","guid":{"rendered":"https:\/\/ofmchemicals.com\/producto-ofm\/mousse-rose-magique-5l\/"},"modified":"2025-02-13T09:46:38","modified_gmt":"2025-02-13T08:46:38","slug":"mousse-rose-magique-5l","status":"publish","type":"product","link":"https:\/\/ofmchemicals.com\/fr\/tienda-online-de-productos-quimicos\/mousse-rose-magique-5l\/","title":{"rendered":"MOUSSE ROSE MAGIQUE 5L"},"content":{"rendered":"<p class=\"p1\"><b>OFM-MOUSSE MAGIQUE ROSE 5L<\/b><\/p>\n<p class=\"p1\">PINK MAGIC FOAM est un concentr\u00e9 liquide m\u00e9ticuleusement con\u00e7u pour g\u00e9n\u00e9rer une mousse \u00e0 haut pouvoir moussant et mouillant. Sp\u00e9cialement formul\u00e9e pour \u00eatre utilis\u00e9e aussi bien \u00e0 la main que dans des machines \u00e0 haute ou basse pression, des tunnels de lavage, etc&#8230; cette solution est tr\u00e8s polyvalente, car elle s&rsquo;adapte \u00e0 tout type d&rsquo;eau.<\/p>\n<p>Sa formule exclusive lui permet de passer du rose au blanc sans laisser de r\u00e9sidus de couleur, ce qui permet d&rsquo;obtenir un meilleur effet visuel et de nettoyage sur la carrosserie. Il s&rsquo;agit du format 5L. <\/p>\n<hr>\n<p class=\"p1\"><b>FORMATS<\/b><\/p>\n<p class=\"p1\">5L, 25L, IBC<\/p>\n<hr>\n<p class=\"p1\"><b>MODE D&rsquo;EMPLOI<\/b><\/p>\n<p class=\"p1\">Il s&rsquo;applique pur ou dilu\u00e9 dans le syst\u00e8me de dosage manuel ou automatique des tunnels de lavage, des skimmers en haute et basse pression. Effectuer une dilution initiale de 20% dans l&rsquo;eau et r\u00e9gler les pompes doseuses pour que la concentration du produit au point final soit de l&rsquo;ordre de 0,5 \u00e0 1 gramme par litre d&rsquo;eau. Ces proportions sont indicatives et d\u00e9pendent de l&rsquo;effet moussant et de l&rsquo;intensit\u00e9 de la couleur souhait\u00e9s, du type d&rsquo;installation, de la qualit\u00e9 de l&rsquo;eau et du rapport entre le d\u00e9bit d&rsquo;air et le d\u00e9bit d&rsquo;eau.  <\/p>\n<hr>\n<p class=\"p1\"><b>AVERTISSEMENTS<\/b><\/p>\n<p class=\"p1\">\n<p>PRODUIT 100% BIOD\u00c9GRADABLE<\/p>\n","protected":false},"excerpt":{"rendered":"<p>PINK MAGIC FOAM SnowFoam Pink 5L.<\/p>\n","protected":false},"featured_media":13805,"comment_status":"closed","ping_status":"open","template":"","meta":{"inline_featured_image":false,"_jet_sm_ready_style":"","_jet_sm_style":"","_jet_sm_controls_values":"","_jet_sm_fonts_collection":"","_jet_sm_fonts_links":"","_joinchat":[]},"product_brand":[],"product_cat":[748,746,747,791],"product_tag":[792,754,758],"class_list":{"0":"post-14300","1":"product","2":"type-product","3":"status-publish","4":"has-post-thumbnail","6":"product_cat-a-lexterieur","7":"product_cat-automobile","8":"product_cat-detaillant","9":"product_cat-prelavage","10":"product_tag-nettoyage-de-la-rouille","11":"product_tag-nettoyage-des-vehicules","12":"product_tag-ofm-chemicals-fr","14":"first","15":"instock","16":"taxable","17":"shipping-taxable","18":"purchasable","19":"product-type-simple"},"_links":{"self":[{"href":"https:\/\/ofmchemicals.com\/fr\/wp-json\/wp\/v2\/product\/14300","targetHints":{"allow":["GET"]}}],"collection":[{"href":"https:\/\/ofmchemicals.com\/fr\/wp-json\/wp\/v2\/product"}],"about":[{"href":"https:\/\/ofmchemicals.com\/fr\/wp-json\/wp\/v2\/types\/product"}],"replies":[{"embeddable":true,"href":"https:\/\/ofmchemicals.com\/fr\/wp-json\/wp\/v2\/comments?post=14300"}],"version-history":[{"count":0,"href":"https:\/\/ofmchemicals.com\/fr\/wp-json\/wp\/v2\/product\/14300\/revisions"}],"wp:featuredmedia":[{"embeddable":true,"href":"https:\/\/ofmchemicals.com\/fr\/wp-json\/wp\/v2\/media\/13805"}],"wp:attachment":[{"href":"https:\/\/ofmchemicals.com\/fr\/wp-json\/wp\/v2\/media?parent=14300"}],"wp:term":[{"taxonomy":"product_brand","embeddable":true,"href":"https:\/\/ofmchemicals.com\/fr\/wp-json\/wp\/v2\/product_brand?post=14300"},{"taxonomy":"product_cat","embeddable":true,"href":"https:\/\/ofmchemicals.com\/fr\/wp-json\/wp\/v2\/product_cat?post=14300"},{"taxonomy":"product_tag","embeddable":true,"href":"https:\/\/ofmchemicals.com\/fr\/wp-json\/wp\/v2\/product_tag?post=14300"}],"curies":[{"name":"wp","href":"https:\/\/api.w.org\/{rel}","templated":true}]}}