{"id":14279,"date":"2025-02-13T09:46:38","date_gmt":"2025-02-13T08:46:38","guid":{"rendered":"https:\/\/ofmchemicals.com\/producto-ofm\/washwax-750ml\/"},"modified":"2025-02-13T09:46:38","modified_gmt":"2025-02-13T08:46:38","slug":"washwax-750ml","status":"publish","type":"product","link":"https:\/\/ofmchemicals.com\/fr\/tienda-online-de-productos-quimicos\/washwax-750ml\/","title":{"rendered":"WASH@WAX 750ML"},"content":{"rendered":"<p class=\"p1\"><b>OFM-WASH@WAX 750ML<\/b><\/p>\n<p class=\"p1\">Il s&rsquo;agit d&rsquo;un d\u00e9tergent \u00e0 haut pouvoir moussant et mouillant con\u00e7u pour faciliter le nettoyage et le s\u00e9chage manuel des v\u00e9hicules, en leur redonnant leur couleur et leur \u00e9clat d&rsquo;origine. Sa formulation inclut des cires qui prot\u00e8gent la surface du v\u00e9hicule des agents atmosph\u00e9riques et des produits caustiques utilis\u00e9s pour son nettoyage. <\/p>\n<p>Procure une agr\u00e9able odeur de sucette sucr\u00e9e, \u00e9limine la salet\u00e9 tout en prot\u00e9geant la peinture du v\u00e9hicule. Donne un fini brillant apr\u00e8s le rin\u00e7age et le s\u00e9chage. Emp\u00eache la salet\u00e9 de s&rsquo;accumuler, ce qui permet de garder le v\u00e9hicule propre plus longtemps. Excellent produit pour la MOUSSE DE NEIGE. Il s&rsquo;agit du format 750ML.    <\/p>\n<hr>\n<p class=\"p1\"><b>FORMATS<\/b><\/p>\n<p class=\"p1\">750ML, 5L, 25L, IBC<\/p>\n<hr>\n<p class=\"p1\"><b>MODE D&rsquo;EMPLOI<\/b><\/p>\n<p class=\"p1\">Il s&rsquo;applique en lavage manuel 1 \u00e0 2 bouchons pour 10l d&rsquo;eau, faire mousser avec une \u00e9ponge pour faire adh\u00e9rer les cires \u00e0 la carrosserie. Diluer entre 10 et 30 % pour une utilisation en machine ou \u00e0 la lance \u00e0 mousse, en obtenant une mousse tr\u00e8s dense et lourde qui entra\u00eene la salet\u00e9. <\/p>\n<hr>\n<p class=\"p1\"><b>AVERTISSEMENTS<\/b><\/p>\n<p>PRODUIT 100% BIOD\u00c9GRADABLE<\/p>\n","protected":false},"excerpt":{"rendered":"<p>Shampooing \u00e0 la cire 750ML.<\/p>\n","protected":false},"featured_media":13901,"comment_status":"closed","ping_status":"closed","template":"","meta":{"inline_featured_image":false,"_jet_sm_ready_style":"","_jet_sm_style":"","_jet_sm_controls_values":"","_jet_sm_fonts_collection":"","_jet_sm_fonts_links":"","_joinchat":[]},"product_brand":[],"product_cat":[748,746,747,779],"product_tag":[757,753,780,758],"class_list":{"0":"post-14279","1":"product","2":"type-product","3":"status-publish","4":"has-post-thumbnail","6":"product_cat-a-lexterieur","7":"product_cat-automobile","8":"product_cat-detaillant","9":"product_cat-laver","10":"product_tag-biodegradable-fr-2","11":"product_tag-detaillant","12":"product_tag-detergent","13":"product_tag-ofm-chemicals-fr","15":"first","16":"instock","17":"taxable","18":"shipping-taxable","19":"purchasable","20":"product-type-simple"},"_links":{"self":[{"href":"https:\/\/ofmchemicals.com\/fr\/wp-json\/wp\/v2\/product\/14279","targetHints":{"allow":["GET"]}}],"collection":[{"href":"https:\/\/ofmchemicals.com\/fr\/wp-json\/wp\/v2\/product"}],"about":[{"href":"https:\/\/ofmchemicals.com\/fr\/wp-json\/wp\/v2\/types\/product"}],"replies":[{"embeddable":true,"href":"https:\/\/ofmchemicals.com\/fr\/wp-json\/wp\/v2\/comments?post=14279"}],"version-history":[{"count":0,"href":"https:\/\/ofmchemicals.com\/fr\/wp-json\/wp\/v2\/product\/14279\/revisions"}],"wp:featuredmedia":[{"embeddable":true,"href":"https:\/\/ofmchemicals.com\/fr\/wp-json\/wp\/v2\/media\/13901"}],"wp:attachment":[{"href":"https:\/\/ofmchemicals.com\/fr\/wp-json\/wp\/v2\/media?parent=14279"}],"wp:term":[{"taxonomy":"product_brand","embeddable":true,"href":"https:\/\/ofmchemicals.com\/fr\/wp-json\/wp\/v2\/product_brand?post=14279"},{"taxonomy":"product_cat","embeddable":true,"href":"https:\/\/ofmchemicals.com\/fr\/wp-json\/wp\/v2\/product_cat?post=14279"},{"taxonomy":"product_tag","embeddable":true,"href":"https:\/\/ofmchemicals.com\/fr\/wp-json\/wp\/v2\/product_tag?post=14279"}],"curies":[{"name":"wp","href":"https:\/\/api.w.org\/{rel}","templated":true}]}}