{"id":14277,"date":"2025-02-13T09:46:38","date_gmt":"2025-02-13T08:46:38","guid":{"rendered":"https:\/\/ofmchemicals.com\/producto-ofm\/dry-suface-25l\/"},"modified":"2025-02-13T09:46:38","modified_gmt":"2025-02-13T08:46:38","slug":"dry-suface-25l","status":"publish","type":"product","link":"https:\/\/ofmchemicals.com\/fr\/tienda-online-de-productos-quimicos\/dry-suface-25l\/","title":{"rendered":"DRY SUFACE 25L"},"content":{"rendered":"<p class=\"p1\"><b>OFM-DRY SUFACE 25L<\/b><\/p>\n<p class=\"p1\">Lavage \u00e9cologique, sans eau, pour tous types de v\u00e9hicules (voitures, v\u00e9hicules utilitaires, motos, etc.). Sa formule sp\u00e9ciale nettoie en profondeur : carrosserie, tableaux de bord, plastiques, jantes et pneus (sans besoin d&rsquo;eau), \u00e9vitant ainsi la consommation et la contamination. <\/p>\n<p>Elimine facilement toutes les salissures : poussi\u00e8re, huile, insectes, etc., en prot\u00e9geant la peinture avec une finition parfaite et une brillance spectaculaire. Laisse un toucher doux et glissant qui repousse la poussi\u00e8re, gardant le v\u00e9hicule propre et brillant plus longtemps.<br \/>\n  Il s&rsquo;agit du format 25L.<\/p>\n<hr>\n<p class=\"p1\"><b>FORMATS<\/b><\/p>\n<p class=\"p1\">750ML, 5L, 25L, IBC<\/p>\n<hr>\n<p class=\"p1\"><b>MODE D&rsquo;EMPLOI<\/b><\/p>\n<p class=\"p1\">Comme il s&rsquo;agit d&rsquo;un produit \u00e0 technologie multicomposante, il DOIT \u00caTRE BIEN AGIT\u00c9 AVANT CHAQUE VAPORISATION. Appliquez par sections, en pulv\u00e9risant sur la surface et en frottant avec le premier chiffon pour \u00e9liminer les salissures les plus importantes. Frottez ensuite avec le second chiffon jusqu&rsquo;\u00e0 ce que la surface soit propre, s\u00e8che et brillante. Pour nettoyer les jantes, vaporisez sur la jante, \u00e9liminez les salissures les plus tenaces avec de la cellulose et essuyez enfin avec le chiffon pour obtenir un brillant. Pour redonner un bel aspect aux pneus, vaporisez et \u00e9talez doucement le produit. En cas d&rsquo;encrassement important (salet\u00e9, boue, etc.), il est recommand\u00e9 de pr\u00e9laver les pneus. Ne pas appliquer sur une carrosserie tr\u00e8s chaude.      <\/p>\n<hr>\n<p class=\"p1\"><b>AVERTISSEMENTS<\/b><\/p>\n<p class=\"p1\">\n<p>PRODUIT 100% BIOD\u00c9GRADABLE<\/p>\n","protected":false},"excerpt":{"rendered":"<p>Nettoyage \u00e0 sec \u00e9cologique 25L.<\/p>\n","protected":false},"featured_media":13565,"comment_status":"closed","ping_status":"closed","template":"","meta":{"inline_featured_image":false,"_jet_sm_ready_style":"","_jet_sm_style":"","_jet_sm_controls_values":"","_jet_sm_fonts_collection":"","_jet_sm_fonts_links":"","_joinchat":[]},"product_brand":[],"product_cat":[748,746,747,779],"product_tag":[757,786,758],"class_list":{"0":"post-14277","1":"product","2":"type-product","3":"status-publish","4":"has-post-thumbnail","6":"product_cat-a-lexterieur","7":"product_cat-automobile","8":"product_cat-detaillant","9":"product_cat-laver","10":"product_tag-biodegradable-fr-2","11":"product_tag-degraissants","12":"product_tag-ofm-chemicals-fr","14":"first","15":"instock","16":"taxable","17":"shipping-taxable","18":"purchasable","19":"product-type-simple"},"_links":{"self":[{"href":"https:\/\/ofmchemicals.com\/fr\/wp-json\/wp\/v2\/product\/14277","targetHints":{"allow":["GET"]}}],"collection":[{"href":"https:\/\/ofmchemicals.com\/fr\/wp-json\/wp\/v2\/product"}],"about":[{"href":"https:\/\/ofmchemicals.com\/fr\/wp-json\/wp\/v2\/types\/product"}],"replies":[{"embeddable":true,"href":"https:\/\/ofmchemicals.com\/fr\/wp-json\/wp\/v2\/comments?post=14277"}],"version-history":[{"count":0,"href":"https:\/\/ofmchemicals.com\/fr\/wp-json\/wp\/v2\/product\/14277\/revisions"}],"wp:featuredmedia":[{"embeddable":true,"href":"https:\/\/ofmchemicals.com\/fr\/wp-json\/wp\/v2\/media\/13565"}],"wp:attachment":[{"href":"https:\/\/ofmchemicals.com\/fr\/wp-json\/wp\/v2\/media?parent=14277"}],"wp:term":[{"taxonomy":"product_brand","embeddable":true,"href":"https:\/\/ofmchemicals.com\/fr\/wp-json\/wp\/v2\/product_brand?post=14277"},{"taxonomy":"product_cat","embeddable":true,"href":"https:\/\/ofmchemicals.com\/fr\/wp-json\/wp\/v2\/product_cat?post=14277"},{"taxonomy":"product_tag","embeddable":true,"href":"https:\/\/ofmchemicals.com\/fr\/wp-json\/wp\/v2\/product_tag?post=14277"}],"curies":[{"name":"wp","href":"https:\/\/api.w.org\/{rel}","templated":true}]}}