{"id":12637,"date":"2025-02-13T09:47:39","date_gmt":"2025-02-13T08:47:39","guid":{"rendered":"https:\/\/ofmchemicals.com\/producto-ofm\/abl-max-25l\/"},"modified":"2025-03-04T11:50:02","modified_gmt":"2025-03-04T10:50:02","slug":"abl-max-25l","status":"publish","type":"product","link":"https:\/\/ofmchemicals.com\/fr\/tienda-online-de-productos-quimicos\/abl-max-25l\/","title":{"rendered":"ABL MAX 25L"},"content":{"rendered":"<p class=\"p1\"><b>OFM-ABL MAX 25L<\/b><\/p>\n<p class=\"p1\">ABL MAX es un producto abrillantador m\u00e1quinas autom\u00e1ticas de alto poder secante sobre todo en la cristaler\u00eda, dej\u00e1ndola brillante y evitando las manchas de gotas. No empa\u00f1a ni deja restos de cal. Apto para cualquier tipo de lavavajillas. Su f\u00f3rmula previene la aparici\u00f3n de cal en el sistema de abrillantado. Ayuda a prevenir las reparaciones por la formaci\u00f3n de cal. Este es el formato de 25L.<\/p>\n<hr \/>\n<p class=\"p1\"><b>FORMATOS<\/b><\/p>\n<p class=\"p1\"><a href=\"https:\/\/ofmchemicals.com\/producto-ofm\/abl-max-5l\/\">5L<\/a>, <a href=\"https:\/\/ofmchemicals.com\/producto-ofm\/abl-max-25l\/\">25L<\/a><\/p>\n<hr \/>\n<p class=\"p1\"><b>MODO DE EMPLEO<\/b><\/p>\n<p class=\"p1\">La dosis de uso oscila entre 0,2 y 0,5 gramos por litro de agua. Se incorpora al sistema de dosificaci\u00f3n de la m\u00e1quina, ajustando la dosis hasta que en la cristaler\u00eda no se observen gotas blancas (falta de producto), ni chorros<br \/>\nblancos (exceso de producto).<\/p>\n<hr \/>\n<p class=\"p1\"><b>ADVERTENCIAS<\/b><\/p>\n<p class=\"p1\">\n","protected":false},"excerpt":{"rendered":"<p>Abrillantador m\u00e1quinas autom\u00e1ticas 25L.<\/p>\n","protected":false},"featured_media":11985,"comment_status":"closed","ping_status":"closed","template":"","meta":{"inline_featured_image":false,"_jet_sm_ready_style":"","_jet_sm_style":"","_jet_sm_controls_values":"","_jet_sm_fonts_collection":"","_jet_sm_fonts_links":"","_joinchat":[]},"product_brand":[],"product_cat":[634,675,681,680,686],"product_tag":[],"class_list":{"0":"post-12637","1":"product","2":"type-product","3":"status-publish","4":"has-post-thumbnail","6":"product_cat-hosteleria","7":"product_cat-hoteles","8":"product_cat-restaurantes","9":"product_cat-vajilla","10":"product_cat-vajilla-restaurantes","12":"first","13":"instock","14":"taxable","15":"shipping-taxable","16":"purchasable","17":"product-type-simple"},"_links":{"self":[{"href":"https:\/\/ofmchemicals.com\/fr\/wp-json\/wp\/v2\/product\/12637","targetHints":{"allow":["GET"]}}],"collection":[{"href":"https:\/\/ofmchemicals.com\/fr\/wp-json\/wp\/v2\/product"}],"about":[{"href":"https:\/\/ofmchemicals.com\/fr\/wp-json\/wp\/v2\/types\/product"}],"replies":[{"embeddable":true,"href":"https:\/\/ofmchemicals.com\/fr\/wp-json\/wp\/v2\/comments?post=12637"}],"version-history":[{"count":2,"href":"https:\/\/ofmchemicals.com\/fr\/wp-json\/wp\/v2\/product\/12637\/revisions"}],"predecessor-version":[{"id":13114,"href":"https:\/\/ofmchemicals.com\/fr\/wp-json\/wp\/v2\/product\/12637\/revisions\/13114"}],"wp:featuredmedia":[{"embeddable":true,"href":"https:\/\/ofmchemicals.com\/fr\/wp-json\/wp\/v2\/media\/11985"}],"wp:attachment":[{"href":"https:\/\/ofmchemicals.com\/fr\/wp-json\/wp\/v2\/media?parent=12637"}],"wp:term":[{"taxonomy":"product_brand","embeddable":true,"href":"https:\/\/ofmchemicals.com\/fr\/wp-json\/wp\/v2\/product_brand?post=12637"},{"taxonomy":"product_cat","embeddable":true,"href":"https:\/\/ofmchemicals.com\/fr\/wp-json\/wp\/v2\/product_cat?post=12637"},{"taxonomy":"product_tag","embeddable":true,"href":"https:\/\/ofmchemicals.com\/fr\/wp-json\/wp\/v2\/product_tag?post=12637"}],"curies":[{"name":"wp","href":"https:\/\/api.w.org\/{rel}","templated":true}]}}