{"id":12647,"date":"2025-02-13T09:47:39","date_gmt":"2025-02-13T08:47:39","guid":{"rendered":"https:\/\/ofmchemicals.com\/producto-ofm\/deter-mars-5l\/"},"modified":"2025-03-04T11:50:01","modified_gmt":"2025-03-04T10:50:01","slug":"deter-mars-5l","status":"publish","type":"product","link":"https:\/\/ofmchemicals.com\/en\/tienda-online-de-productos-quimicos\/deter-mars-5l\/","title":{"rendered":"DETER-MARS 5L"},"content":{"rendered":"<p class=\"p1\"><b>OFM-DETER-MARS 5L<\/b><\/p>\n<p class=\"p1\">DETER-MARS es un detergente l\u00edquido dise\u00f1ado para el lavado a mano y a m\u00e1quina de todo tipo de ropa. Realza los colores y cuida la ropa, dej\u00e1ndola suave y agradablemente perfumada. Detergente aroma marsella. Este es el formato de 5L.<\/p>\n<hr \/>\n<p class=\"p1\"><b>FORMATOS<\/b><\/p>\n<p class=\"p1\"><a href=\"https:\/\/ofmchemicals.com\/producto-ofm\/deter-mars-5l\/\">5L<\/a>, <a href=\"https:\/\/ofmchemicals.com\/producto-ofm\/deter-mars-25l\/\">25L<\/a><\/p>\n<hr \/>\n<p class=\"p1\"><b>MODO DE EMPLEO<\/b><\/p>\n<hr \/>\n<p class=\"p1\"><b>ADVERTENCIAS<\/b><\/p>\n<p class=\"p1\">\n","protected":false},"excerpt":{"rendered":"<p>Detergente para ropa aroma marsella 5L.<\/p>\n","protected":false},"featured_media":12041,"comment_status":"closed","ping_status":"closed","template":"","meta":{"inline_featured_image":false,"_jet_sm_ready_style":"","_jet_sm_style":"","_jet_sm_controls_values":"","_jet_sm_fonts_collection":"","_jet_sm_fonts_links":"","_joinchat":[]},"product_brand":[],"product_cat":[688,634,675,633,687,681,679,685],"product_tag":[],"class_list":{"0":"post-12647","1":"product","2":"type-product","3":"status-publish","4":"has-post-thumbnail","6":"product_cat-detergentes-lavanderia","7":"product_cat-hosteleria","8":"product_cat-hoteles","9":"product_cat-industria","10":"product_cat-lavanderia","11":"product_cat-restaurantes","12":"product_cat-textil","13":"product_cat-textil-restaurantes","15":"first","16":"instock","17":"taxable","18":"shipping-taxable","19":"purchasable","20":"product-type-simple"},"_links":{"self":[{"href":"https:\/\/ofmchemicals.com\/en\/wp-json\/wp\/v2\/product\/12647","targetHints":{"allow":["GET"]}}],"collection":[{"href":"https:\/\/ofmchemicals.com\/en\/wp-json\/wp\/v2\/product"}],"about":[{"href":"https:\/\/ofmchemicals.com\/en\/wp-json\/wp\/v2\/types\/product"}],"replies":[{"embeddable":true,"href":"https:\/\/ofmchemicals.com\/en\/wp-json\/wp\/v2\/comments?post=12647"}],"version-history":[{"count":4,"href":"https:\/\/ofmchemicals.com\/en\/wp-json\/wp\/v2\/product\/12647\/revisions"}],"predecessor-version":[{"id":13105,"href":"https:\/\/ofmchemicals.com\/en\/wp-json\/wp\/v2\/product\/12647\/revisions\/13105"}],"wp:featuredmedia":[{"embeddable":true,"href":"https:\/\/ofmchemicals.com\/en\/wp-json\/wp\/v2\/media\/12041"}],"wp:attachment":[{"href":"https:\/\/ofmchemicals.com\/en\/wp-json\/wp\/v2\/media?parent=12647"}],"wp:term":[{"taxonomy":"product_brand","embeddable":true,"href":"https:\/\/ofmchemicals.com\/en\/wp-json\/wp\/v2\/product_brand?post=12647"},{"taxonomy":"product_cat","embeddable":true,"href":"https:\/\/ofmchemicals.com\/en\/wp-json\/wp\/v2\/product_cat?post=12647"},{"taxonomy":"product_tag","embeddable":true,"href":"https:\/\/ofmchemicals.com\/en\/wp-json\/wp\/v2\/product_tag?post=12647"}],"curies":[{"name":"wp","href":"https:\/\/api.w.org\/{rel}","templated":true}]}}