{"id":12633,"date":"2025-02-13T09:47:28","date_gmt":"2025-02-13T08:47:28","guid":{"rendered":"https:\/\/ofmchemicals.com\/producto-ofm\/dmp-40-25l\/"},"modified":"2025-03-04T11:50:03","modified_gmt":"2025-03-04T10:50:03","slug":"dmp-40-25l","status":"publish","type":"product","link":"https:\/\/ofmchemicals.com\/en\/tienda-online-de-productos-quimicos\/dmp-40-25l\/","title":{"rendered":"DMP-40 25L"},"content":{"rendered":"<p class=\"p1\"><b>OFM-DMP-40 25L<\/b><\/p>\n<p class=\"p1\">DMP-40 es un detergente lavavajillas para m\u00e1quinas autom\u00e1ticas, gracias a su formula especialmente dise\u00f1ado para trabajar con todo tipo de aguas, bajas\/altas en sales minerales. Este es el formato de 25L.<\/p>\n<hr \/>\n<p class=\"p1\"><b>FORMATOS<\/b><\/p>\n<p class=\"p1\"><a href=\"https:\/\/ofmchemicals.com\/producto-ofm\/dmp-40-5l\/\">5L<\/a>, <a href=\"https:\/\/ofmchemicals.com\/producto-ofm\/dmp-40-25l\/\">25L<\/a><\/p>\n<hr \/>\n<p class=\"p1\"><b>MODO DE EMPLEO<\/b><\/p>\n<p class=\"p1\">Incorporar el producto mediante dosificador apropiado o manualmente. La temperatura \u00f3ptima oscila entre 55-60\u00baC. Las dosis de producto oscilan entre 2 y 4 gr\/litro de agua, dependiendo del grado de suciedad y dureza del agua.<\/p>\n<hr \/>\n<p class=\"p1\"><b>ADVERTENCIAS<\/b><\/p>\n<p class=\"p1\">\n","protected":false},"excerpt":{"rendered":"<p>Lavavajillas autom\u00e1ticos todo tipo de aguas 25L.<\/p>\n","protected":false},"featured_media":11999,"comment_status":"closed","ping_status":"closed","template":"","meta":{"inline_featured_image":false,"_jet_sm_ready_style":"","_jet_sm_style":"","_jet_sm_controls_values":"","_jet_sm_fonts_collection":"","_jet_sm_fonts_links":"","_joinchat":[]},"product_brand":[],"product_cat":[634,675,681,680,686],"product_tag":[],"class_list":{"0":"post-12633","1":"product","2":"type-product","3":"status-publish","4":"has-post-thumbnail","6":"product_cat-hosteleria","7":"product_cat-hoteles","8":"product_cat-restaurantes","9":"product_cat-vajilla","10":"product_cat-vajilla-restaurantes","12":"first","13":"instock","14":"taxable","15":"shipping-taxable","16":"purchasable","17":"product-type-simple"},"_links":{"self":[{"href":"https:\/\/ofmchemicals.com\/en\/wp-json\/wp\/v2\/product\/12633","targetHints":{"allow":["GET"]}}],"collection":[{"href":"https:\/\/ofmchemicals.com\/en\/wp-json\/wp\/v2\/product"}],"about":[{"href":"https:\/\/ofmchemicals.com\/en\/wp-json\/wp\/v2\/types\/product"}],"replies":[{"embeddable":true,"href":"https:\/\/ofmchemicals.com\/en\/wp-json\/wp\/v2\/comments?post=12633"}],"version-history":[{"count":2,"href":"https:\/\/ofmchemicals.com\/en\/wp-json\/wp\/v2\/product\/12633\/revisions"}],"predecessor-version":[{"id":13116,"href":"https:\/\/ofmchemicals.com\/en\/wp-json\/wp\/v2\/product\/12633\/revisions\/13116"}],"wp:featuredmedia":[{"embeddable":true,"href":"https:\/\/ofmchemicals.com\/en\/wp-json\/wp\/v2\/media\/11999"}],"wp:attachment":[{"href":"https:\/\/ofmchemicals.com\/en\/wp-json\/wp\/v2\/media?parent=12633"}],"wp:term":[{"taxonomy":"product_brand","embeddable":true,"href":"https:\/\/ofmchemicals.com\/en\/wp-json\/wp\/v2\/product_brand?post=12633"},{"taxonomy":"product_cat","embeddable":true,"href":"https:\/\/ofmchemicals.com\/en\/wp-json\/wp\/v2\/product_cat?post=12633"},{"taxonomy":"product_tag","embeddable":true,"href":"https:\/\/ofmchemicals.com\/en\/wp-json\/wp\/v2\/product_tag?post=12633"}],"curies":[{"name":"wp","href":"https:\/\/api.w.org\/{rel}","templated":true}]}}