{"id":14491,"date":"2025-02-13T09:47:11","date_gmt":"2025-02-13T08:47:11","guid":{"rendered":"https:\/\/ofmchemicals.com\/producto-ofm\/sepiolite-20kg\/"},"modified":"2025-02-13T09:47:11","modified_gmt":"2025-02-13T08:47:11","slug":"sepiolite-20kg","status":"publish","type":"product","link":"https:\/\/ofmchemicals.com\/de\/tienda-online-de-productos-quimicos\/sepiolite-20kg\/","title":{"rendered":"SEPIOLITE 20KG"},"content":{"rendered":"<p class=\"p1\"><b>OFM-SEPIOLITH 20KG<\/b><\/p>\n<p class=\"p1\">Ideal f\u00fcr den Einsatz in Werkst\u00e4tten, Tankstellen, in der Industrie und f\u00fcr verschiedene Reinigungsarbeiten. Hohe \u00d6labsorptionskraft. Flammhemmend und v\u00f6llig unsch\u00e4dlich. Wiederverwendbar bis zur S\u00e4ttigung. Vermeidet schlechte Ger\u00fcche. Dies ist das 20KG-Format.     <\/p>\n<hr>\n<p class=\"p1\"><b>FORMATE<\/b><\/p>\n<p class=\"p1\">20kg, Blass<\/p>\n<hr>\n<p class=\"p1\"><b>GEBRAUCHSANWEISUNG<\/b><\/p>\n<p class=\"p1\">Verteilen oder streichen Sie es auf der Oberfl\u00e4che, lassen Sie es einziehen und entfernen Sie es. Wiederverwendbar bis zur S\u00e4ttigung. <\/p>\n<hr>\n<p class=\"p1\"><b>WARNUNGEN<\/b><\/p>\n<p class=\"p1\">\n","protected":false},"excerpt":{"rendered":"<p>Sepiolith ABSORBENT 15\/30 20KG.<\/p>\n","protected":false},"featured_media":13922,"comment_status":"closed","ping_status":"closed","template":"","meta":{"inline_featured_image":false,"_jet_sm_ready_style":"","_jet_sm_style":"","_jet_sm_controls_values":"","_jet_sm_fonts_collection":"","_jet_sm_fonts_links":"","_joinchat":[]},"product_brand":[],"product_cat":[735,776,926,927,876,878,739,857,858,811],"product_tag":[],"class_list":{"0":"post-14491","1":"product","2":"type-product","3":"status-publish","4":"has-post-thumbnail","6":"product_cat-automobilindustrie","7":"product_cat-boxen","8":"product_cat-entfetter","9":"product_cat-entfettungsmittel","10":"product_cat-industrie","11":"product_cat-industrielle-wartung","12":"product_cat-tunnel","13":"product_cat-wasseraufbereitung","14":"product_cat-wasseraufbereitung-de","15":"product_cat-workshop","17":"first","18":"instock","19":"taxable","20":"shipping-taxable","21":"purchasable","22":"product-type-simple"},"_links":{"self":[{"href":"https:\/\/ofmchemicals.com\/de\/wp-json\/wp\/v2\/product\/14491","targetHints":{"allow":["GET"]}}],"collection":[{"href":"https:\/\/ofmchemicals.com\/de\/wp-json\/wp\/v2\/product"}],"about":[{"href":"https:\/\/ofmchemicals.com\/de\/wp-json\/wp\/v2\/types\/product"}],"replies":[{"embeddable":true,"href":"https:\/\/ofmchemicals.com\/de\/wp-json\/wp\/v2\/comments?post=14491"}],"version-history":[{"count":0,"href":"https:\/\/ofmchemicals.com\/de\/wp-json\/wp\/v2\/product\/14491\/revisions"}],"wp:featuredmedia":[{"embeddable":true,"href":"https:\/\/ofmchemicals.com\/de\/wp-json\/wp\/v2\/media\/13922"}],"wp:attachment":[{"href":"https:\/\/ofmchemicals.com\/de\/wp-json\/wp\/v2\/media?parent=14491"}],"wp:term":[{"taxonomy":"product_brand","embeddable":true,"href":"https:\/\/ofmchemicals.com\/de\/wp-json\/wp\/v2\/product_brand?post=14491"},{"taxonomy":"product_cat","embeddable":true,"href":"https:\/\/ofmchemicals.com\/de\/wp-json\/wp\/v2\/product_cat?post=14491"},{"taxonomy":"product_tag","embeddable":true,"href":"https:\/\/ofmchemicals.com\/de\/wp-json\/wp\/v2\/product_tag?post=14491"}],"curies":[{"name":"wp","href":"https:\/\/api.w.org\/{rel}","templated":true}]}}