{"id":14435,"date":"2025-02-13T09:47:01","date_gmt":"2025-02-13T08:47:01","guid":{"rendered":"https:\/\/ofmchemicals.com\/producto-ofm\/nussschalen-5l\/"},"modified":"2025-02-13T09:47:01","modified_gmt":"2025-02-13T08:47:01","slug":"nussschalen-5l","status":"publish","type":"product","link":"https:\/\/ofmchemicals.com\/de\/tienda-online-de-productos-quimicos\/nussschalen-5l\/","title":{"rendered":"NUSSSCHALEN 5L"},"content":{"rendered":"<p class=\"p1\"><b>OFM-NUSSSCHALE 5L<\/b><\/p>\n<p class=\"p1\">Leather Upholstery Cream ist ein kosmetisches Qualit\u00e4tsprodukt, das speziell f\u00fcr die optimale Pflege von Leder, Leder- und Kunstlederpolstern entwickelt wurde. Ihre ausgewogene Zusammensetzung, angereichert mit nat\u00fcrlichen \u00d6len und N\u00e4hrstoffen, sorgt f\u00fcr eine perfekte Feuchtigkeitsversorgung und stellt die urspr\u00fcngliche Elastizit\u00e4t und das Aussehen des Leders wieder her. Diese Creme ist v\u00f6llig frei von aggressiven Bestandteilen und l\u00e4sst sich leicht und bequem auf jeder Oberfl\u00e4che auftragen. Dies ist das 5L-Format.   <\/p>\n<hr>\n<p class=\"p1\"><b>FORMATE<\/b><\/p>\n<p class=\"p1\">150ML, 5L<\/p>\n<hr>\n<p class=\"p1\"><b>GEBRAUCHSANWEISUNG<\/b><\/p>\n<p class=\"p1\">Nehmen Sie eine kleine Menge der Creme und verteilen Sie sie mit einem sauberen Tuch gleichm\u00e4\u00dfig auf der gesamten Oberfl\u00e4che, bis die Creme in die Haut eindringt. Wischen Sie abschlie\u00dfend mit einem sauberen, trockenen Tuch, vorzugsweise einem Mikrofasertuch, nach, um das nicht aufgenommene Produkt zu entfernen. Die behandelten Oberfl\u00e4chen k\u00f6nnen sofort verwendet werden, da die Creme keine Flecken hinterl\u00e4sst.  <\/p>\n<hr>\n<p class=\"p1\"><b>WARNUNGEN<\/b><\/p>\n<p class=\"p1\">\n","protected":false},"excerpt":{"rendered":"<p>Hautn\u00e4hrstoff 5L.<\/p>\n","protected":false},"featured_media":13798,"comment_status":"closed","ping_status":"open","template":"","meta":{"inline_featured_image":false,"_jet_sm_ready_style":"","_jet_sm_style":"","_jet_sm_controls_values":"","_jet_sm_fonts_collection":"","_jet_sm_fonts_links":"","_joinchat":[]},"product_brand":[],"product_cat":[735,736,801,880],"product_tag":[851,850,743,740,741,744,849],"class_list":{"0":"post-14435","1":"product","2":"type-product","3":"status-publish","4":"has-post-thumbnail","6":"product_cat-automobilindustrie","7":"product_cat-detaillierung","8":"product_cat-innerhalb","9":"product_cat-konditionierung","10":"product_tag-alcantara-armaturenbrett","11":"product_tag-armaturenbrett-aus-leder","12":"product_tag-biologisch-abbaubar","13":"product_tag-detaillierung","14":"product_tag-fahrzeugreinigung","15":"product_tag-ofm-chemikalien","16":"product_tag-polstermobel-reinigung","18":"first","19":"instock","20":"taxable","21":"shipping-taxable","22":"purchasable","23":"product-type-simple"},"_links":{"self":[{"href":"https:\/\/ofmchemicals.com\/de\/wp-json\/wp\/v2\/product\/14435","targetHints":{"allow":["GET"]}}],"collection":[{"href":"https:\/\/ofmchemicals.com\/de\/wp-json\/wp\/v2\/product"}],"about":[{"href":"https:\/\/ofmchemicals.com\/de\/wp-json\/wp\/v2\/types\/product"}],"replies":[{"embeddable":true,"href":"https:\/\/ofmchemicals.com\/de\/wp-json\/wp\/v2\/comments?post=14435"}],"version-history":[{"count":0,"href":"https:\/\/ofmchemicals.com\/de\/wp-json\/wp\/v2\/product\/14435\/revisions"}],"wp:featuredmedia":[{"embeddable":true,"href":"https:\/\/ofmchemicals.com\/de\/wp-json\/wp\/v2\/media\/13798"}],"wp:attachment":[{"href":"https:\/\/ofmchemicals.com\/de\/wp-json\/wp\/v2\/media?parent=14435"}],"wp:term":[{"taxonomy":"product_brand","embeddable":true,"href":"https:\/\/ofmchemicals.com\/de\/wp-json\/wp\/v2\/product_brand?post=14435"},{"taxonomy":"product_cat","embeddable":true,"href":"https:\/\/ofmchemicals.com\/de\/wp-json\/wp\/v2\/product_cat?post=14435"},{"taxonomy":"product_tag","embeddable":true,"href":"https:\/\/ofmchemicals.com\/de\/wp-json\/wp\/v2\/product_tag?post=14435"}],"curies":[{"name":"wp","href":"https:\/\/api.w.org\/{rel}","templated":true}]}}