{"id":14406,"date":"2025-02-13T09:47:01","date_gmt":"2025-02-13T08:47:01","guid":{"rendered":"https:\/\/ofmchemicals.com\/producto-ofm\/econatur-crem-25l\/"},"modified":"2025-02-13T09:47:01","modified_gmt":"2025-02-13T08:47:01","slug":"econatur-crem-25l","status":"publish","type":"product","link":"https:\/\/ofmchemicals.com\/de\/tienda-online-de-productos-quimicos\/econatur-crem-25l\/","title":{"rendered":"ECONATUR CREM 25L"},"content":{"rendered":"<p class=\"p1\"><b>OFM-ECONATUR CREM 25L<\/b><\/p>\n<p class=\"p1\">ECONATUR CREM ist eine kosmetische Creme, die speziell f\u00fcr das H\u00e4ndewaschen in der Automobilindustrie entwickelt wurde. Diese umweltfreundliche Formel bietet eine effektive und sanfte Reinigung und pflegt die H\u00e4nde, die den verschiedenen Arbeitsbedingungen im Automobilsektor ausgesetzt sind. <\/p>\n<p>Mit nat\u00fcrlichen und umweltfreundlichen Inhaltsstoffen garantiert ECONATUR CREM eine gr\u00fcndliche Reinigung und versorgt die Haut gleichzeitig mit Feuchtigkeit, um ihre Geschmeidigkeit und Elastizit\u00e4t zu erhalten. Dies ist das 25L Format. <\/p>\n<hr>\n<p class=\"p1\"><b>FORMATE<\/b><\/p>\n<p class=\"p1\">5L, 25L<\/p>\n<hr>\n<p class=\"p1\"><b>GEBRAUCHSANWEISUNG<\/b><\/p>\n<p class=\"p1\">ECONATUR CREM wird direkt auf die verschmutzten H\u00e4nde aufgetragen, bevor Sie sie nass machen. Tragen Sie eine Dosis von 6-7 Gramm des Produkts auf, reiben Sie sie einige Minuten lang, bis der Schmutz gut emulgiert ist, und sp\u00fclen Sie sie anschlie\u00dfend mit reichlich Wasser ab. Wiederholen Sie den Vorgang gegebenenfalls bei sehr starker Verschmutzung.  <\/p>\n<hr>\n<p class=\"p1\"><b>WARNUNGEN<\/b><\/p>\n<p class=\"p1\">\n","protected":false},"excerpt":{"rendered":"<p>\u00d6kologische mechanische Handpaste. 25L. <\/p>\n","protected":false},"featured_media":13570,"comment_status":"closed","ping_status":"open","template":"","meta":{"inline_featured_image":false,"_jet_sm_ready_style":"","_jet_sm_style":"","_jet_sm_controls_values":"","_jet_sm_fonts_collection":"","_jet_sm_fonts_links":"","_joinchat":[]},"product_brand":[],"product_cat":[735,848,811],"product_tag":[851,850,743,740,741,744,849],"class_list":{"0":"post-14406","1":"product","2":"type-product","3":"status-publish","4":"has-post-thumbnail","6":"product_cat-automobilindustrie","7":"product_cat-seife","8":"product_cat-workshop","9":"product_tag-alcantara-armaturenbrett","10":"product_tag-armaturenbrett-aus-leder","11":"product_tag-biologisch-abbaubar","12":"product_tag-detaillierung","13":"product_tag-fahrzeugreinigung","14":"product_tag-ofm-chemikalien","15":"product_tag-polstermobel-reinigung","17":"first","18":"instock","19":"taxable","20":"shipping-taxable","21":"purchasable","22":"product-type-simple"},"_links":{"self":[{"href":"https:\/\/ofmchemicals.com\/de\/wp-json\/wp\/v2\/product\/14406","targetHints":{"allow":["GET"]}}],"collection":[{"href":"https:\/\/ofmchemicals.com\/de\/wp-json\/wp\/v2\/product"}],"about":[{"href":"https:\/\/ofmchemicals.com\/de\/wp-json\/wp\/v2\/types\/product"}],"replies":[{"embeddable":true,"href":"https:\/\/ofmchemicals.com\/de\/wp-json\/wp\/v2\/comments?post=14406"}],"version-history":[{"count":0,"href":"https:\/\/ofmchemicals.com\/de\/wp-json\/wp\/v2\/product\/14406\/revisions"}],"wp:featuredmedia":[{"embeddable":true,"href":"https:\/\/ofmchemicals.com\/de\/wp-json\/wp\/v2\/media\/13570"}],"wp:attachment":[{"href":"https:\/\/ofmchemicals.com\/de\/wp-json\/wp\/v2\/media?parent=14406"}],"wp:term":[{"taxonomy":"product_brand","embeddable":true,"href":"https:\/\/ofmchemicals.com\/de\/wp-json\/wp\/v2\/product_brand?post=14406"},{"taxonomy":"product_cat","embeddable":true,"href":"https:\/\/ofmchemicals.com\/de\/wp-json\/wp\/v2\/product_cat?post=14406"},{"taxonomy":"product_tag","embeddable":true,"href":"https:\/\/ofmchemicals.com\/de\/wp-json\/wp\/v2\/product_tag?post=14406"}],"curies":[{"name":"wp","href":"https:\/\/api.w.org\/{rel}","templated":true}]}}