{"id":14363,"date":"2025-02-13T09:46:49","date_gmt":"2025-02-13T08:46:49","guid":{"rendered":"https:\/\/ofmchemicals.com\/producto-ofm\/scheinwerfer-polymer-600ml\/"},"modified":"2025-02-13T09:46:49","modified_gmt":"2025-02-13T08:46:49","slug":"scheinwerfer-polymer-600ml","status":"publish","type":"product","link":"https:\/\/ofmchemicals.com\/de\/tienda-online-de-productos-quimicos\/scheinwerfer-polymer-600ml\/","title":{"rendered":"SCHEINWERFER-POLYMER 600ML"},"content":{"rendered":"<p class=\"p1\"><b>OFM-POLYMER SCHEINWERFER 600ML<\/b><\/p>\n<p class=\"p1\">Scheinwerfer-Restaurationspolymer zur Verwendung mit dem Spr\u00fchsystem (Teapot) Diese Scheinwerfer-Restaurationsfl\u00fcssigkeit oder Scheinwerferpolymer erzeugt eine neue Schutzschicht auf der Oberfl\u00e4che des Scheinwerfers, sorgt f\u00fcr perfekte Transparenz, keine Verglasung oder T\u00f6nung, sch\u00fctzt den Scheinwerfer bis zu 3 Jahre vor UV-Strahlen. Dies ist das 600ML Format. <\/p>\n<hr>\n<p class=\"p1\"><b>FORMATE<\/b><\/p>\n<p class=\"p1\">600ML<\/p>\n<hr>\n<p class=\"p1\"><b>GEBRAUCHSANWEISUNG<\/b><\/p>\n<p class=\"p1\">Exklusiv f\u00fcr Wasserkocher oder spezielle Verdampfer f\u00fcr Scheinwerfer.<\/p>\n<hr>\n<p class=\"p1\"><b>WARNUNGEN<\/b><\/p>\n<p class=\"p1\">Nicht direkt auf Kunststoff oder anderen Oberfl\u00e4chen verwenden. Tragen Sie bei der Handhabung Schutzhandschuhe. Tragen Sie w\u00e4hrend der Anwendung eine Maske mit Aktivkohle. PROFESSIONELLE ANWENDUNG.   <\/p>\n<p>100% BIOLOGISCH ABBAUBARES PRODUKT<\/p>\n","protected":false},"excerpt":{"rendered":"<p>Stirnlampe Polymer 600ML.<\/p>\n","protected":false},"featured_media":14708,"comment_status":"closed","ping_status":"closed","template":"","meta":{"inline_featured_image":false,"_jet_sm_ready_style":"","_jet_sm_style":"","_jet_sm_controls_values":"","_jet_sm_fonts_collection":"","_jet_sm_fonts_links":"","_joinchat":[]},"product_brand":[],"product_cat":[737,735,736,828],"product_tag":[829,744],"class_list":{"0":"post-14363","1":"product","2":"type-product","3":"status-publish","4":"has-post-thumbnail","6":"product_cat-auserhalb","7":"product_cat-automobilindustrie","8":"product_cat-detaillierung","9":"product_cat-glas-und-scheinwerfer","10":"product_tag-fensterputzer","11":"product_tag-ofm-chemikalien","13":"first","14":"instock","15":"taxable","16":"shipping-taxable","17":"purchasable","18":"product-type-simple"},"_links":{"self":[{"href":"https:\/\/ofmchemicals.com\/de\/wp-json\/wp\/v2\/product\/14363","targetHints":{"allow":["GET"]}}],"collection":[{"href":"https:\/\/ofmchemicals.com\/de\/wp-json\/wp\/v2\/product"}],"about":[{"href":"https:\/\/ofmchemicals.com\/de\/wp-json\/wp\/v2\/types\/product"}],"replies":[{"embeddable":true,"href":"https:\/\/ofmchemicals.com\/de\/wp-json\/wp\/v2\/comments?post=14363"}],"version-history":[{"count":0,"href":"https:\/\/ofmchemicals.com\/de\/wp-json\/wp\/v2\/product\/14363\/revisions"}],"wp:featuredmedia":[{"embeddable":true,"href":"https:\/\/ofmchemicals.com\/de\/wp-json\/wp\/v2\/media\/14708"}],"wp:attachment":[{"href":"https:\/\/ofmchemicals.com\/de\/wp-json\/wp\/v2\/media?parent=14363"}],"wp:term":[{"taxonomy":"product_brand","embeddable":true,"href":"https:\/\/ofmchemicals.com\/de\/wp-json\/wp\/v2\/product_brand?post=14363"},{"taxonomy":"product_cat","embeddable":true,"href":"https:\/\/ofmchemicals.com\/de\/wp-json\/wp\/v2\/product_cat?post=14363"},{"taxonomy":"product_tag","embeddable":true,"href":"https:\/\/ofmchemicals.com\/de\/wp-json\/wp\/v2\/product_tag?post=14363"}],"curies":[{"name":"wp","href":"https:\/\/api.w.org\/{rel}","templated":true}]}}