{"id":14352,"date":"2025-02-13T09:46:49","date_gmt":"2025-02-13T08:46:49","guid":{"rendered":"https:\/\/ofmchemicals.com\/producto-ofm\/apc-7-750ml\/"},"modified":"2025-02-13T09:46:49","modified_gmt":"2025-02-13T08:46:49","slug":"apc-7-750ml","status":"publish","type":"product","link":"https:\/\/ofmchemicals.com\/de\/tienda-online-de-productos-quimicos\/apc-7-750ml\/","title":{"rendered":"APC-7 750ML"},"content":{"rendered":"<p class=\"p1\"><b>OFM-APC-7 750ML<\/b><\/p>\n<p class=\"p1\">Laugenfreier Multifunktionsreiniger, besonders geeignet f\u00fcr die Entfernung von Fett, \u00d6l und allen Arten von hartn\u00e4ckigem Schmutz auf allen Oberfl\u00e4chen des Fahrzeugs. Sehr effektiv vor allem in Bereichen mit hartn\u00e4ckigem Schmutz. Dies ist das 750ML Format.  <\/p>\n<hr>\n<p class=\"p1\"><b>FORMATE<\/b><\/p>\n<p class=\"p1\">750ML, 5L, 25L, IBC<\/p>\n<hr>\n<p class=\"p1\"><b>GEBRAUCHSANWEISUNG<\/b><\/p>\n<p class=\"p1\">Spr\u00fchen Sie eine kleine Menge APC-7 direkt auf die Oberfl\u00e4che, reiben und verteilen Sie das Produkt mit einem weichen Schwamm oder einer B\u00fcrste, einem Tuch usw. Sp\u00fclen Sie es unter flie\u00dfendem Wasser oder mit einem feuchten Schwamm oder Tuch ab. Es kann pur oder bis zu 5% verd\u00fcnnt aufgetragen werden.  <\/p>\n<hr>\n<p class=\"p1\"><b>WARNUNGEN<\/b><\/p>\n<p class=\"p1\">\n","protected":false},"excerpt":{"rendered":"<p>\u00d6kologischer Mehrzweckentfetter 750ML.<\/p>\n","protected":false},"featured_media":13870,"comment_status":"closed","ping_status":"open","template":"","meta":{"inline_featured_image":false,"_jet_sm_ready_style":"","_jet_sm_style":"","_jet_sm_controls_values":"","_jet_sm_fonts_collection":"","_jet_sm_fonts_links":"","_joinchat":[]},"product_brand":[],"product_cat":[809,737,735,736,801,810,811],"product_tag":[742,743,740,741,812,744],"class_list":{"0":"post-14352","1":"product","2":"type-product","3":"status-publish","4":"has-post-thumbnail","6":"product_cat-apc-de","7":"product_cat-auserhalb","8":"product_cat-automobilindustrie","9":"product_cat-detaillierung","10":"product_cat-innerhalb","11":"product_cat-polstermobel","12":"product_cat-workshop","13":"product_tag-ausenreinigung-von-fahrzeugen","14":"product_tag-biologisch-abbaubar","15":"product_tag-detaillierung","16":"product_tag-fahrzeugreinigung","17":"product_tag-innenreinigung-von-fahrzeugen","18":"product_tag-ofm-chemikalien","20":"first","21":"instock","22":"taxable","23":"shipping-taxable","24":"purchasable","25":"product-type-simple"},"_links":{"self":[{"href":"https:\/\/ofmchemicals.com\/de\/wp-json\/wp\/v2\/product\/14352","targetHints":{"allow":["GET"]}}],"collection":[{"href":"https:\/\/ofmchemicals.com\/de\/wp-json\/wp\/v2\/product"}],"about":[{"href":"https:\/\/ofmchemicals.com\/de\/wp-json\/wp\/v2\/types\/product"}],"replies":[{"embeddable":true,"href":"https:\/\/ofmchemicals.com\/de\/wp-json\/wp\/v2\/comments?post=14352"}],"version-history":[{"count":0,"href":"https:\/\/ofmchemicals.com\/de\/wp-json\/wp\/v2\/product\/14352\/revisions"}],"wp:featuredmedia":[{"embeddable":true,"href":"https:\/\/ofmchemicals.com\/de\/wp-json\/wp\/v2\/media\/13870"}],"wp:attachment":[{"href":"https:\/\/ofmchemicals.com\/de\/wp-json\/wp\/v2\/media?parent=14352"}],"wp:term":[{"taxonomy":"product_brand","embeddable":true,"href":"https:\/\/ofmchemicals.com\/de\/wp-json\/wp\/v2\/product_brand?post=14352"},{"taxonomy":"product_cat","embeddable":true,"href":"https:\/\/ofmchemicals.com\/de\/wp-json\/wp\/v2\/product_cat?post=14352"},{"taxonomy":"product_tag","embeddable":true,"href":"https:\/\/ofmchemicals.com\/de\/wp-json\/wp\/v2\/product_tag?post=14352"}],"curies":[{"name":"wp","href":"https:\/\/api.w.org\/{rel}","templated":true}]}}