{"id":14340,"date":"2025-02-13T09:46:49","date_gmt":"2025-02-13T08:46:49","guid":{"rendered":"https:\/\/ofmchemicals.com\/producto-ofm\/car-new-25l\/"},"modified":"2025-02-13T09:46:49","modified_gmt":"2025-02-13T08:46:49","slug":"car-new-25l","status":"publish","type":"product","link":"https:\/\/ofmchemicals.com\/de\/tienda-online-de-productos-quimicos\/car-new-25l\/","title":{"rendered":"CAR-NEW 25L"},"content":{"rendered":"<p class=\"p1\"><b>OFM-AUTO-NEU 25L<\/b><\/p>\n<p class=\"p1\">Es ist ein Lufterfrischer, der aus einer Auswahl der besten nat\u00fcrlichen und synthetischen Essenzen hergestellt wird. Er parf\u00fcmiert das Fahrzeug mit einem angenehmen Aroma, seine Wirkung h\u00e4lt stundenlang an und vermittelt das Gef\u00fchl einer sauberen und frischen Atmosph\u00e4re. Dies ist das 25L-Format.  <\/p>\n<hr>\n<p class=\"p1\"><b>FORMATE<\/b><\/p>\n<p class=\"p1\">5L, 25L, IBC<\/p>\n<hr>\n<p class=\"p1\"><b>GEBRAUCHSANWEISUNG<\/b><\/p>\n<p class=\"p1\">Spr\u00fchen Sie es auf die Fu\u00dfmatten und den Kofferraum f\u00fcr einen indirekten, lang anhaltenden Duft.<\/p>\n<hr>\n<p class=\"p1\"><b>WARNUNGEN<\/b><\/p>\n<p class=\"p1\">\n","protected":false},"excerpt":{"rendered":"<p>Lufterfrischer 25L.<\/p>\n","protected":false},"featured_media":13526,"comment_status":"closed","ping_status":"open","template":"","meta":{"inline_featured_image":false,"_jet_sm_ready_style":"","_jet_sm_style":"","_jet_sm_controls_values":"","_jet_sm_fonts_collection":"","_jet_sm_fonts_links":"","_joinchat":[]},"product_brand":[],"product_cat":[735,736,801,802],"product_tag":[743,740,741,744],"class_list":{"0":"post-14340","1":"product","2":"type-product","3":"status-publish","4":"has-post-thumbnail","6":"product_cat-automobilindustrie","7":"product_cat-detaillierung","8":"product_cat-innerhalb","9":"product_cat-lufterfrischer","10":"product_tag-biologisch-abbaubar","11":"product_tag-detaillierung","12":"product_tag-fahrzeugreinigung","13":"product_tag-ofm-chemikalien","15":"first","16":"instock","17":"taxable","18":"shipping-taxable","19":"purchasable","20":"product-type-simple"},"_links":{"self":[{"href":"https:\/\/ofmchemicals.com\/de\/wp-json\/wp\/v2\/product\/14340","targetHints":{"allow":["GET"]}}],"collection":[{"href":"https:\/\/ofmchemicals.com\/de\/wp-json\/wp\/v2\/product"}],"about":[{"href":"https:\/\/ofmchemicals.com\/de\/wp-json\/wp\/v2\/types\/product"}],"replies":[{"embeddable":true,"href":"https:\/\/ofmchemicals.com\/de\/wp-json\/wp\/v2\/comments?post=14340"}],"version-history":[{"count":0,"href":"https:\/\/ofmchemicals.com\/de\/wp-json\/wp\/v2\/product\/14340\/revisions"}],"wp:featuredmedia":[{"embeddable":true,"href":"https:\/\/ofmchemicals.com\/de\/wp-json\/wp\/v2\/media\/13526"}],"wp:attachment":[{"href":"https:\/\/ofmchemicals.com\/de\/wp-json\/wp\/v2\/media?parent=14340"}],"wp:term":[{"taxonomy":"product_brand","embeddable":true,"href":"https:\/\/ofmchemicals.com\/de\/wp-json\/wp\/v2\/product_brand?post=14340"},{"taxonomy":"product_cat","embeddable":true,"href":"https:\/\/ofmchemicals.com\/de\/wp-json\/wp\/v2\/product_cat?post=14340"},{"taxonomy":"product_tag","embeddable":true,"href":"https:\/\/ofmchemicals.com\/de\/wp-json\/wp\/v2\/product_tag?post=14340"}],"curies":[{"name":"wp","href":"https:\/\/api.w.org\/{rel}","templated":true}]}}