{"id":14307,"date":"2025-02-13T09:46:38","date_gmt":"2025-02-13T08:46:38","guid":{"rendered":"https:\/\/ofmchemicals.com\/producto-ofm\/ferrinet-ultra-25l\/"},"modified":"2025-02-13T09:46:38","modified_gmt":"2025-02-13T08:46:38","slug":"ferrinet-ultra-25l","status":"publish","type":"product","link":"https:\/\/ofmchemicals.com\/de\/tienda-online-de-productos-quimicos\/ferrinet-ultra-25l\/","title":{"rendered":"FERRINET-ULTRA 25L"},"content":{"rendered":"<p class=\"p1\"><b>OFM-FERRINET-ULTRA 25L<\/b><\/p>\n<p class=\"p1\">FERRINET ULTRA, ein leistungsstarkes Dekontaminationsmittel zur wirksamen Entfernung von Rostflecken an Fahrzeugen, auch von solchen, die durch Oberleitungen verursacht wurden, mit einem Aroma von roten Fr\u00fcchten, das den charakteristischen Geruch eines Eisen(III)-Dekontaminationsmittels \u00fcberdeckt.<\/p>\n<p>Unsere spezielle Formel wurde f\u00fcr eine spezifische Wirkung gegen Rost entwickelt und erm\u00f6glicht eine tiefe und effektive Reinigung der Fahrzeugoberfl\u00e4chen. FERRINET-ULTRA entfernt nicht nur Rostflecken, sondern beugt auch deren Wiederauftreten vor und sch\u00fctzt so das Aussehen und die Oberfl\u00e4che des Fahrzeugs. Dies ist das 25L Format.  <\/p>\n<hr>\n<p class=\"p1\"><b>FORMATE<\/b><\/p>\n<p class=\"p1\">5L, 25L, IBC<\/p>\n<hr>\n<p class=\"p1\"><b>GEBRAUCHSANWEISUNG<\/b><\/p>\n<p class=\"p1\">Spr\u00fchen Sie es auf die zu behandelnde Oberfl\u00e4che, lassen Sie es einen Moment einwirken und sp\u00fclen Sie es mit Wasser ab. Bei der Dekontaminierung f\u00fchrt das Produkt eine chemische Reaktion durch und ver\u00e4ndert seine Farbe, indem es auf die Oxide und industriellen Verschmutzungen einwirkt, die sich auf der Karosserie ablagern, wenn diese im Freien schwebenden Metallpartikeln ausgesetzt ist. Es greift Fahrzeugkomponenten wie Gummi, Glas, Kunststoffe, Metalle oder Lacke nicht an.  <\/p>\n<hr>\n<p class=\"p1\"><b>WARNUNGEN<\/b><\/p>\n<p class=\"p1\">\n<p>100% BIOLOGISCH ABBAUBARES PRODUKT<\/p>\n","protected":false},"excerpt":{"rendered":"<p>FERRINET ULTRA, Eisenhaltiges Dekontaminationsmittel 25L.<\/p>\n","protected":false},"featured_media":13578,"comment_status":"closed","ping_status":"open","template":"","meta":{"inline_featured_image":false,"_jet_sm_ready_style":"","_jet_sm_style":"","_jet_sm_controls_values":"","_jet_sm_fonts_collection":"","_jet_sm_fonts_links":"","_joinchat":[]},"product_brand":[],"product_cat":[737,735,797,736,738],"product_tag":[741,744,790],"class_list":{"0":"post-14307","1":"product","2":"type-product","3":"status-publish","4":"has-post-thumbnail","6":"product_cat-auserhalb","7":"product_cat-automobilindustrie","8":"product_cat-dekontamination","9":"product_cat-detaillierung","10":"product_cat-rader-und-reifen","11":"product_tag-fahrzeugreinigung","12":"product_tag-ofm-chemikalien","13":"product_tag-reinigen-von-rost","15":"first","16":"instock","17":"taxable","18":"shipping-taxable","19":"purchasable","20":"product-type-simple"},"_links":{"self":[{"href":"https:\/\/ofmchemicals.com\/de\/wp-json\/wp\/v2\/product\/14307","targetHints":{"allow":["GET"]}}],"collection":[{"href":"https:\/\/ofmchemicals.com\/de\/wp-json\/wp\/v2\/product"}],"about":[{"href":"https:\/\/ofmchemicals.com\/de\/wp-json\/wp\/v2\/types\/product"}],"replies":[{"embeddable":true,"href":"https:\/\/ofmchemicals.com\/de\/wp-json\/wp\/v2\/comments?post=14307"}],"version-history":[{"count":0,"href":"https:\/\/ofmchemicals.com\/de\/wp-json\/wp\/v2\/product\/14307\/revisions"}],"wp:featuredmedia":[{"embeddable":true,"href":"https:\/\/ofmchemicals.com\/de\/wp-json\/wp\/v2\/media\/13578"}],"wp:attachment":[{"href":"https:\/\/ofmchemicals.com\/de\/wp-json\/wp\/v2\/media?parent=14307"}],"wp:term":[{"taxonomy":"product_brand","embeddable":true,"href":"https:\/\/ofmchemicals.com\/de\/wp-json\/wp\/v2\/product_brand?post=14307"},{"taxonomy":"product_cat","embeddable":true,"href":"https:\/\/ofmchemicals.com\/de\/wp-json\/wp\/v2\/product_cat?post=14307"},{"taxonomy":"product_tag","embeddable":true,"href":"https:\/\/ofmchemicals.com\/de\/wp-json\/wp\/v2\/product_tag?post=14307"}],"curies":[{"name":"wp","href":"https:\/\/api.w.org\/{rel}","templated":true}]}}