{"id":14291,"date":"2025-02-13T09:46:38","date_gmt":"2025-02-13T08:46:38","guid":{"rendered":"https:\/\/ofmchemicals.com\/producto-ofm\/trockener-suff-750ml\/"},"modified":"2025-02-13T09:46:38","modified_gmt":"2025-02-13T08:46:38","slug":"trockener-suff-750ml","status":"publish","type":"product","link":"https:\/\/ofmchemicals.com\/de\/tienda-online-de-productos-quimicos\/trockener-suff-750ml\/","title":{"rendered":"TROCKENER SUFF 750ML"},"content":{"rendered":"<p class=\"p1\"><b>OFM-TROCKENES SUFFACE 750ML<\/b><\/p>\n<p class=\"p1\">\u00d6kologisches Waschmittel, das kein Wasser ben\u00f6tigt, f\u00fcr alle Arten von Fahrzeugen (Autos, Nutzfahrzeuge, Motorr\u00e4der usw.). Seine spezielle Formel reinigt gr\u00fcndlich: Karosserie, Armaturenbrett, Kunststoffe, Felgen und Reifen (ohne Wasser) und vermeidet so Verbrauch und Verschmutzung. <\/p>\n<p>Entfernt m\u00fchelos jeden Schmutz: Staub, \u00d6l, Insekten usw. und sch\u00fctzt den Lack mit einem perfekten Finish und einem spektakul\u00e4ren Glanz. Hinterl\u00e4sst eine weiche und glatte Oberfl\u00e4che, die Staub abweist und das Fahrzeug l\u00e4nger sauber und gl\u00e4nzend h\u00e4lt.<br \/>\n  Dies ist das 750ML-Format.<\/p>\n<hr>\n<p class=\"p1\"><b>FORMATE<\/b><\/p>\n<p class=\"p1\">750ML, 5L, 25L, IBC<\/p>\n<hr>\n<p class=\"p1\"><b>GEBRAUCHSANWEISUNG<\/b><\/p>\n<p class=\"p1\">Da es sich um ein Produkt mit Mehrkomponententechnologie handelt, MUSS es vor jedem Spr\u00fchen gut gesch\u00fcttelt werden. Tragen Sie es abschnittsweise auf, indem Sie die Oberfl\u00e4che bespr\u00fchen und mit dem ersten Tuch reiben, um den st\u00e4rksten Schmutz zu entfernen. Reiben Sie dann mit dem zweiten Tuch, bis die Oberfl\u00e4che sauber, trocken und gl\u00e4nzend ist. Zum Reinigen von Felgen spr\u00fchen Sie die Felge ein, entfernen den hartn\u00e4ckigsten Schmutz mit Zellulose und wischen schlie\u00dflich mit dem Tuch nach, um einen Glanz zu erzielen. Um das gute Aussehen der Reifen wiederherzustellen, spr\u00fchen Sie das Produkt ein und verteilen es sanft. Bei starker Verschmutzung (Schmutz, Schlamm usw.) wird eine Vorw\u00e4sche empfohlen. Nicht auf sehr hei\u00dfe Karosserien auftragen.      <\/p>\n<hr>\n<p class=\"p1\"><b>WARNUNGEN<\/b><\/p>\n<p class=\"p1\">\n<p>100% BIOLOGISCH ABBAUBARES PRODUKT<\/p>\n","protected":false},"excerpt":{"rendered":"<p>\u00d6kologische Trockenreinigung 750ML.<\/p>\n","protected":false},"featured_media":13878,"comment_status":"closed","ping_status":"closed","template":"","meta":{"inline_featured_image":false,"_jet_sm_ready_style":"","_jet_sm_style":"","_jet_sm_controls_values":"","_jet_sm_fonts_collection":"","_jet_sm_fonts_links":"","_joinchat":[]},"product_brand":[],"product_cat":[737,735,736,777],"product_tag":[743,785,744],"class_list":{"0":"post-14291","1":"product","2":"type-product","3":"status-publish","4":"has-post-thumbnail","6":"product_cat-auserhalb","7":"product_cat-automobilindustrie","8":"product_cat-detaillierung","9":"product_cat-waschen","10":"product_tag-biologisch-abbaubar","11":"product_tag-entfettungsmittel","12":"product_tag-ofm-chemikalien","14":"first","15":"instock","16":"taxable","17":"shipping-taxable","18":"purchasable","19":"product-type-simple"},"_links":{"self":[{"href":"https:\/\/ofmchemicals.com\/de\/wp-json\/wp\/v2\/product\/14291","targetHints":{"allow":["GET"]}}],"collection":[{"href":"https:\/\/ofmchemicals.com\/de\/wp-json\/wp\/v2\/product"}],"about":[{"href":"https:\/\/ofmchemicals.com\/de\/wp-json\/wp\/v2\/types\/product"}],"replies":[{"embeddable":true,"href":"https:\/\/ofmchemicals.com\/de\/wp-json\/wp\/v2\/comments?post=14291"}],"version-history":[{"count":0,"href":"https:\/\/ofmchemicals.com\/de\/wp-json\/wp\/v2\/product\/14291\/revisions"}],"wp:featuredmedia":[{"embeddable":true,"href":"https:\/\/ofmchemicals.com\/de\/wp-json\/wp\/v2\/media\/13878"}],"wp:attachment":[{"href":"https:\/\/ofmchemicals.com\/de\/wp-json\/wp\/v2\/media?parent=14291"}],"wp:term":[{"taxonomy":"product_brand","embeddable":true,"href":"https:\/\/ofmchemicals.com\/de\/wp-json\/wp\/v2\/product_brand?post=14291"},{"taxonomy":"product_cat","embeddable":true,"href":"https:\/\/ofmchemicals.com\/de\/wp-json\/wp\/v2\/product_cat?post=14291"},{"taxonomy":"product_tag","embeddable":true,"href":"https:\/\/ofmchemicals.com\/de\/wp-json\/wp\/v2\/product_tag?post=14291"}],"curies":[{"name":"wp","href":"https:\/\/api.w.org\/{rel}","templated":true}]}}