{"id":14272,"date":"2025-02-13T09:46:38","date_gmt":"2025-02-13T08:46:38","guid":{"rendered":"https:\/\/ofmchemicals.com\/producto-ofm\/washwax-25l\/"},"modified":"2025-02-13T09:46:38","modified_gmt":"2025-02-13T08:46:38","slug":"washwax-25l","status":"publish","type":"product","link":"https:\/\/ofmchemicals.com\/de\/tienda-online-de-productos-quimicos\/washwax-25l\/","title":{"rendered":"WASH@WAX 25L"},"content":{"rendered":"<p class=\"p1\"><b>OFM-WASH@WAX 25L<\/b><\/p>\n<p class=\"p1\">Es ist ein Reinigungsmittel mit hoher Schaum- und Netzkraft, das die Reinigung und manuelle Trocknung von Fahrzeugen erleichtert und ihre urspr\u00fcngliche Farbe und ihren Glanz wiederherstellt. Seine Formulierung enth\u00e4lt Wachse, die die Oberfl\u00e4che des Fahrzeugs sowohl vor Witterungseinfl\u00fcssen als auch vor den bei der Reinigung verwendeten \u00e4tzenden Produkten sch\u00fctzen. <\/p>\n<p>Verstr\u00f6mt einen angenehmen, s\u00fc\u00dfen Lolli-Duft, entfernt Schmutz und sch\u00fctzt gleichzeitig den Lack des Fahrzeugs. Sorgt nach dem Absp\u00fclen und Trocknen f\u00fcr ein gl\u00e4nzendes Finish. Verhindert Schmutzablagerungen und h\u00e4lt das Fahrzeug l\u00e4nger sauber. Ausgezeichnetes Produkt f\u00fcr SNOW FOAM. Dies ist das 25L Format.    <\/p>\n<hr>\n<p class=\"p1\"><b>FORMATE<\/b><\/p>\n<p class=\"p1\">750ML, 5L, 25L, IBC<\/p>\n<hr>\n<p class=\"p1\"><b>GEBRAUCHSANWEISUNG<\/b><\/p>\n<p class=\"p1\">Es wird bei der manuellen W\u00e4sche mit 1 bis 2 Kappen pro 10 l Wasser aufgetragen. Sch\u00e4umen Sie es mit einem Schwamm auf, damit die Wachse an der Karosserie haften. F\u00fcr die Anwendung in der Maschine oder mit der Schaumlanze verd\u00fcnnen Sie es auf 10-30%, um einen sehr dichten und schweren Schaum zu erhalten, der den Schmutz mitrei\u00dft. <\/p>\n<hr>\n<p class=\"p1\"><b>WARNUNGEN<\/b><\/p>\n<p class=\"p1\">\n<p>100% BIOLOGISCH ABBAUBARES PRODUKT<\/p>\n","protected":false},"excerpt":{"rendered":"<p>Shampoo mit Wachs 25L.<\/p>\n","protected":false},"featured_media":13674,"comment_status":"closed","ping_status":"open","template":"","meta":{"inline_featured_image":false,"_jet_sm_ready_style":"","_jet_sm_style":"","_jet_sm_controls_values":"","_jet_sm_fonts_collection":"","_jet_sm_fonts_links":"","_joinchat":[]},"product_brand":[],"product_cat":[737,735,736,777],"product_tag":[743,740,744,778],"class_list":{"0":"post-14272","1":"product","2":"type-product","3":"status-publish","4":"has-post-thumbnail","6":"product_cat-auserhalb","7":"product_cat-automobilindustrie","8":"product_cat-detaillierung","9":"product_cat-waschen","10":"product_tag-biologisch-abbaubar","11":"product_tag-detaillierung","12":"product_tag-ofm-chemikalien","13":"product_tag-waschmittel","15":"first","16":"instock","17":"taxable","18":"shipping-taxable","19":"purchasable","20":"product-type-simple"},"_links":{"self":[{"href":"https:\/\/ofmchemicals.com\/de\/wp-json\/wp\/v2\/product\/14272","targetHints":{"allow":["GET"]}}],"collection":[{"href":"https:\/\/ofmchemicals.com\/de\/wp-json\/wp\/v2\/product"}],"about":[{"href":"https:\/\/ofmchemicals.com\/de\/wp-json\/wp\/v2\/types\/product"}],"replies":[{"embeddable":true,"href":"https:\/\/ofmchemicals.com\/de\/wp-json\/wp\/v2\/comments?post=14272"}],"version-history":[{"count":0,"href":"https:\/\/ofmchemicals.com\/de\/wp-json\/wp\/v2\/product\/14272\/revisions"}],"wp:featuredmedia":[{"embeddable":true,"href":"https:\/\/ofmchemicals.com\/de\/wp-json\/wp\/v2\/media\/13674"}],"wp:attachment":[{"href":"https:\/\/ofmchemicals.com\/de\/wp-json\/wp\/v2\/media?parent=14272"}],"wp:term":[{"taxonomy":"product_brand","embeddable":true,"href":"https:\/\/ofmchemicals.com\/de\/wp-json\/wp\/v2\/product_brand?post=14272"},{"taxonomy":"product_cat","embeddable":true,"href":"https:\/\/ofmchemicals.com\/de\/wp-json\/wp\/v2\/product_cat?post=14272"},{"taxonomy":"product_tag","embeddable":true,"href":"https:\/\/ofmchemicals.com\/de\/wp-json\/wp\/v2\/product_tag?post=14272"}],"curies":[{"name":"wp","href":"https:\/\/api.w.org\/{rel}","templated":true}]}}