{"id":14251,"date":"2025-02-13T09:46:38","date_gmt":"2025-02-13T08:46:38","guid":{"rendered":"https:\/\/ofmchemicals.com\/producto-ofm\/star-wheel-25l\/"},"modified":"2025-02-13T09:46:38","modified_gmt":"2025-02-13T08:46:38","slug":"star-wheel-25l","status":"publish","type":"product","link":"https:\/\/ofmchemicals.com\/de\/tienda-online-de-productos-quimicos\/star-wheel-25l\/","title":{"rendered":"STAR WHEEL 25L"},"content":{"rendered":"<p class=\"p1\"><b>OFM-STERNRAD 25L<\/b><\/p>\n<p class=\"p1\">STAR WHEEL ist ein hochkonzentrierter, alkalischer Felgenreiniger, der speziell f\u00fcr die kraftvolle Reinigung von Aluminiumfelgen an Fahrzeugen entwickelt wurde. Er entfernt effektiv Kohlenstoff und Schmutz und verleiht den Felgen dank seiner exklusiven Formel mit Politur ein tadelloses und gl\u00e4nzendes Finish. <\/p>\n<p>Ideal f\u00fcr Aluminiumfelgen oder jede andere Art von Material. Dies ist das 25L Format. <\/p>\n<hr>\n<p class=\"p1\"><b>FORMATE<\/b><\/p>\n<p class=\"p1\">750ML, 5L, 25L, IBC<\/p>\n<hr>\n<p class=\"p1\"><b>GEBRAUCHSANWEISUNG<\/b><\/p>\n<p class=\"p1\">Tragen Sie es auf die zu reinigende Oberfl\u00e4che auf. Reiben Sie es leicht ein, lassen Sie es 1 bis 2 Minuten einwirken und sp\u00fclen Sie es mit reichlich Wasser ab. Es kann pur f\u00fcr stark verkrustete Oberfl\u00e4chen oder 20-25% in Wasser verd\u00fcnnt verwendet werden. ACHTUNG: Tragen Sie es gleichm\u00e4\u00dfig auf die gesamte zu reinigende Oberfl\u00e4che auf und lassen Sie es nicht zu lange einwirken. F\u00fcr MOTORRAD immer verd\u00fcnnt verwenden.   <\/p>\n<hr>\n<p class=\"p1\"><b>WARNUNGEN<\/b><\/p>\n<p class=\"p1\">\n<p>100% BIOLOGISCH ABBAUBARES PRODUKT<\/p>\n","protected":false},"excerpt":{"rendered":"<p>STAR WHEEL ist ein hochkonzentrierter, alkalischer Felgenreiniger, speziell entwickelt f\u00fcr die kraftvolle Reinigung von Aluminiumfelgen an Fahrzeugen. 25L. <\/p>\n","protected":false},"featured_media":13638,"comment_status":"closed","ping_status":"open","template":"","meta":{"inline_featured_image":false,"_jet_sm_ready_style":"","_jet_sm_style":"","_jet_sm_controls_values":"","_jet_sm_fonts_collection":"","_jet_sm_fonts_links":"","_joinchat":[]},"product_brand":[],"product_cat":[737,735,776,736,738,739],"product_tag":[742,743,740,741,744],"class_list":{"0":"post-14251","1":"product","2":"type-product","3":"status-publish","4":"has-post-thumbnail","6":"product_cat-auserhalb","7":"product_cat-automobilindustrie","8":"product_cat-boxen","9":"product_cat-detaillierung","10":"product_cat-rader-und-reifen","11":"product_cat-tunnel","12":"product_tag-ausenreinigung-von-fahrzeugen","13":"product_tag-biologisch-abbaubar","14":"product_tag-detaillierung","15":"product_tag-fahrzeugreinigung","16":"product_tag-ofm-chemikalien","18":"first","19":"instock","20":"taxable","21":"shipping-taxable","22":"purchasable","23":"product-type-simple"},"_links":{"self":[{"href":"https:\/\/ofmchemicals.com\/de\/wp-json\/wp\/v2\/product\/14251","targetHints":{"allow":["GET"]}}],"collection":[{"href":"https:\/\/ofmchemicals.com\/de\/wp-json\/wp\/v2\/product"}],"about":[{"href":"https:\/\/ofmchemicals.com\/de\/wp-json\/wp\/v2\/types\/product"}],"replies":[{"embeddable":true,"href":"https:\/\/ofmchemicals.com\/de\/wp-json\/wp\/v2\/comments?post=14251"}],"version-history":[{"count":0,"href":"https:\/\/ofmchemicals.com\/de\/wp-json\/wp\/v2\/product\/14251\/revisions"}],"wp:featuredmedia":[{"embeddable":true,"href":"https:\/\/ofmchemicals.com\/de\/wp-json\/wp\/v2\/media\/13638"}],"wp:attachment":[{"href":"https:\/\/ofmchemicals.com\/de\/wp-json\/wp\/v2\/media?parent=14251"}],"wp:term":[{"taxonomy":"product_brand","embeddable":true,"href":"https:\/\/ofmchemicals.com\/de\/wp-json\/wp\/v2\/product_brand?post=14251"},{"taxonomy":"product_cat","embeddable":true,"href":"https:\/\/ofmchemicals.com\/de\/wp-json\/wp\/v2\/product_cat?post=14251"},{"taxonomy":"product_tag","embeddable":true,"href":"https:\/\/ofmchemicals.com\/de\/wp-json\/wp\/v2\/product_tag?post=14251"}],"curies":[{"name":"wp","href":"https:\/\/api.w.org\/{rel}","templated":true}]}}