{"id":12643,"date":"2025-02-13T09:47:39","date_gmt":"2025-02-13T08:47:39","guid":{"rendered":"https:\/\/ofmchemicals.com\/producto-ofm\/rh-1-5l\/"},"modified":"2025-03-04T11:50:01","modified_gmt":"2025-03-04T10:50:01","slug":"rh-1-5l","status":"publish","type":"product","link":"https:\/\/ofmchemicals.com\/de\/tienda-online-de-productos-quimicos\/rh-1-5l\/","title":{"rendered":"RH-1 5L"},"content":{"rendered":"<p class=\"p1\"><b>OFM-RH-1 5L<\/b><\/p>\n<p class=\"p1\">Producto con un gran poder humectante, desengrasante y disolvente. Formulado a base de tensioactivos no i\u00f3nicos y solventes de elevado poder desengrasante. Su elevada concentraci\u00f3n lo hace ideal para el lavado de prendas especialmente sucias o engrasadas en lavadoras autom\u00e1ticas. Puede utilizarse solo en el prelavado, o como reforzante del detergente en el lavado. Es compatible con todos los detergentes l\u00edquidos y en polvo utilizados en el lavado de ropa. Reforzante humectante Este es el formato de 5L.<\/p>\n<hr \/>\n<p class=\"p1\"><b>FORMATOS<\/b><\/p>\n<p class=\"p1\"><a href=\"https:\/\/ofmchemicals.com\/producto-ofm\/rh-1-5l\/\">5L<\/a>, <a href=\"https:\/\/ofmchemicals.com\/producto-ofm\/rh-1-25l\/\">25L<\/a><\/p>\n<hr \/>\n<p class=\"p1\"><b>MODO DE EMPLEO<\/b><\/p>\n<hr \/>\n<p class=\"p1\"><b>ADVERTENCIAS<\/b><\/p>\n<p class=\"p1\">\n","protected":false},"excerpt":{"rendered":"<p>Reforzante humectante para lavadora 5L.<\/p>\n","protected":false},"featured_media":12063,"comment_status":"closed","ping_status":"closed","template":"","meta":{"inline_featured_image":false,"_jet_sm_ready_style":"","_jet_sm_style":"","_jet_sm_controls_values":"","_jet_sm_fonts_collection":"","_jet_sm_fonts_links":"","_joinchat":[]},"product_brand":[],"product_cat":[690,634,687],"product_tag":[],"class_list":{"0":"post-12643","1":"product","2":"type-product","3":"status-publish","4":"has-post-thumbnail","6":"product_cat-blanqueante-reforzante","7":"product_cat-hosteleria","8":"product_cat-lavanderia","10":"first","11":"instock","12":"taxable","13":"shipping-taxable","14":"purchasable","15":"product-type-simple"},"_links":{"self":[{"href":"https:\/\/ofmchemicals.com\/de\/wp-json\/wp\/v2\/product\/12643","targetHints":{"allow":["GET"]}}],"collection":[{"href":"https:\/\/ofmchemicals.com\/de\/wp-json\/wp\/v2\/product"}],"about":[{"href":"https:\/\/ofmchemicals.com\/de\/wp-json\/wp\/v2\/types\/product"}],"replies":[{"embeddable":true,"href":"https:\/\/ofmchemicals.com\/de\/wp-json\/wp\/v2\/comments?post=12643"}],"version-history":[{"count":3,"href":"https:\/\/ofmchemicals.com\/de\/wp-json\/wp\/v2\/product\/12643\/revisions"}],"predecessor-version":[{"id":13110,"href":"https:\/\/ofmchemicals.com\/de\/wp-json\/wp\/v2\/product\/12643\/revisions\/13110"}],"wp:featuredmedia":[{"embeddable":true,"href":"https:\/\/ofmchemicals.com\/de\/wp-json\/wp\/v2\/media\/12063"}],"wp:attachment":[{"href":"https:\/\/ofmchemicals.com\/de\/wp-json\/wp\/v2\/media?parent=12643"}],"wp:term":[{"taxonomy":"product_brand","embeddable":true,"href":"https:\/\/ofmchemicals.com\/de\/wp-json\/wp\/v2\/product_brand?post=12643"},{"taxonomy":"product_cat","embeddable":true,"href":"https:\/\/ofmchemicals.com\/de\/wp-json\/wp\/v2\/product_cat?post=12643"},{"taxonomy":"product_tag","embeddable":true,"href":"https:\/\/ofmchemicals.com\/de\/wp-json\/wp\/v2\/product_tag?post=12643"}],"curies":[{"name":"wp","href":"https:\/\/api.w.org\/{rel}","templated":true}]}}