{"id":12609,"date":"2025-02-13T09:47:28","date_gmt":"2025-02-13T08:47:28","guid":{"rendered":"https:\/\/ofmchemicals.com\/producto-ofm\/wc-net-5l\/"},"modified":"2025-03-04T11:55:21","modified_gmt":"2025-03-04T10:55:21","slug":"wc-net-5l","status":"publish","type":"product","link":"https:\/\/ofmchemicals.com\/de\/tienda-online-de-productos-quimicos\/wc-net-5l\/","title":{"rendered":"WC-NET 5L"},"content":{"rendered":"<p class=\"p1\"><b>OFM-WC-NET 5L<\/b><\/p>\n<p class=\"p1\">WC-NET es un producto especialmente dise\u00f1ado para eliminar los restos de cal y \u00f3xidos producidos por el agua. Ideal para eliminar las incrustaciones que se producen en el cuarto de ba\u00f1o, mamparas, grifer\u00eda, fregaderos, etc. Adem\u00e1s al ser un gel, facilita su utilizaci\u00f3n en superficies verticales. Incorpora agentes emulsionantes para humectar y eliminar la suciedad. Desincrusta y limpia profundamente en una sola operaci\u00f3n, dejando las superficies limpias, brillantes y con un agradable aroma. Este es el formato de 5L.<\/p>\n<hr \/>\n<p class=\"p1\"><b>FORMATOS<\/b><\/p>\n<p class=\"p1\"><a href=\"https:\/\/ofmchemicals.com\/producto-ofm\/wc-net-750ml\/\">750ML<\/a>, <a href=\"https:\/\/ofmchemicals.com\/producto-ofm\/wc-net-5l\/\">5L<\/a><\/p>\n<hr \/>\n<p class=\"p1\"><b>MODO DE EMPLEO<\/b><\/p>\n<p class=\"p1\">Aplicaci\u00f3n directa. Seg\u00fan superficie a tratar diluir en pulverizador a raz\u00f3n de 15%-20%.<\/p>\n<hr \/>\n<p class=\"p1\"><b>ADVERTENCIAS<\/b><\/p>\n<p class=\"p1\">\n","protected":false},"excerpt":{"rendered":"<p>Gel limpiador antical 5L.<\/p>\n","protected":false},"featured_media":12075,"comment_status":"closed","ping_status":"closed","template":"","meta":{"inline_featured_image":false,"_jet_sm_ready_style":"","_jet_sm_style":"","_jet_sm_controls_values":"","_jet_sm_fonts_collection":"","_jet_sm_fonts_links":"","_joinchat":[]},"product_brand":[],"product_cat":[676,682,634,675,681],"product_tag":[],"class_list":{"0":"post-12609","1":"product","2":"type-product","3":"status-publish","4":"has-post-thumbnail","6":"product_cat-banos","7":"product_cat-banos-restaurantes","8":"product_cat-hosteleria","9":"product_cat-hoteles","10":"product_cat-restaurantes","12":"first","13":"instock","14":"taxable","15":"shipping-taxable","16":"purchasable","17":"product-type-simple"},"_links":{"self":[{"href":"https:\/\/ofmchemicals.com\/de\/wp-json\/wp\/v2\/product\/12609","targetHints":{"allow":["GET"]}}],"collection":[{"href":"https:\/\/ofmchemicals.com\/de\/wp-json\/wp\/v2\/product"}],"about":[{"href":"https:\/\/ofmchemicals.com\/de\/wp-json\/wp\/v2\/types\/product"}],"replies":[{"embeddable":true,"href":"https:\/\/ofmchemicals.com\/de\/wp-json\/wp\/v2\/comments?post=12609"}],"version-history":[{"count":2,"href":"https:\/\/ofmchemicals.com\/de\/wp-json\/wp\/v2\/product\/12609\/revisions"}],"predecessor-version":[{"id":13148,"href":"https:\/\/ofmchemicals.com\/de\/wp-json\/wp\/v2\/product\/12609\/revisions\/13148"}],"wp:featuredmedia":[{"embeddable":true,"href":"https:\/\/ofmchemicals.com\/de\/wp-json\/wp\/v2\/media\/12075"}],"wp:attachment":[{"href":"https:\/\/ofmchemicals.com\/de\/wp-json\/wp\/v2\/media?parent=12609"}],"wp:term":[{"taxonomy":"product_brand","embeddable":true,"href":"https:\/\/ofmchemicals.com\/de\/wp-json\/wp\/v2\/product_brand?post=12609"},{"taxonomy":"product_cat","embeddable":true,"href":"https:\/\/ofmchemicals.com\/de\/wp-json\/wp\/v2\/product_cat?post=12609"},{"taxonomy":"product_tag","embeddable":true,"href":"https:\/\/ofmchemicals.com\/de\/wp-json\/wp\/v2\/product_tag?post=12609"}],"curies":[{"name":"wp","href":"https:\/\/api.w.org\/{rel}","templated":true}]}}