{"id":12597,"date":"2025-02-13T09:47:28","date_gmt":"2025-02-13T08:47:28","guid":{"rendered":"https:\/\/ofmchemicals.com\/producto-ofm\/odor-kill-25l\/"},"modified":"2025-03-04T12:02:06","modified_gmt":"2025-03-04T11:02:06","slug":"odor-kill-25l","status":"publish","type":"product","link":"https:\/\/ofmchemicals.com\/de\/tienda-online-de-productos-quimicos\/odor-kill-25l\/","title":{"rendered":"ODOR KILL 25L"},"content":{"rendered":"<p class=\"p1\"><b>OFM-ODOR KILL 25L<\/b><\/p>\n<p class=\"p1\">Elimina y neutraliza los malos olores en todo tipo de ambientes, superficies y tejidos. Ideal para eliminar olores de tabaco, humedad, ambientes cerrados, animales dom\u00e9sticos, basuras, etc. en el hogar, autom\u00f3vil, escuelas, vestuarios, locales, oficinas, veh\u00edculos de transporte, etc. Ideal para aplicar en tejidos de dif\u00edcil lavado como cortinas, tapicer\u00edas, alfombras, moquetas, etc. Este es el formato de 25L.<\/p>\n<hr \/>\n<p class=\"p1\"><b>FORMATOS<\/b><\/p>\n<p class=\"p1\"><a href=\"https:\/\/ofmchemicals.com\/producto-ofm\/odor-kill-5l\/\">5L<\/a>, <a href=\"https:\/\/ofmchemicals.com\/producto-ofm\/odor-kill-25l\/\">25L<\/a><\/p>\n<hr \/>\n<p class=\"p1\"><b>MODO DE EMPLEO<\/b><\/p>\n<p class=\"p1\">Para desodorizaci\u00f3n ambiental, se utiliza puro por pulverizaci\u00f3n de forma que se produzca una \u00f3ptima micronizaci\u00f3n en el aire. Sobre tejidos y otras superficies, aplicar pulverizando uniformemente sobre toda la superficie a tratar.<\/p>\n<hr \/>\n<p class=\"p1\"><b>ADVERTENCIAS<\/b><\/p>\n<p class=\"p1\">\n","protected":false},"excerpt":{"rendered":"<p>Absorbeolores biol\u00f3gico 25L.<\/p>\n","protected":false},"featured_media":12013,"comment_status":"closed","ping_status":"closed","template":"","meta":{"inline_featured_image":false,"_jet_sm_ready_style":"","_jet_sm_style":"","_jet_sm_controls_values":"","_jet_sm_fonts_collection":"","_jet_sm_fonts_links":"","_joinchat":[]},"product_brand":[],"product_cat":[646,632,635,671,634,675,633,637,669,681,678,684],"product_tag":[271,60,48,49,211],"class_list":{"0":"post-12597","1":"product","2":"type-product","3":"status-publish","4":"has-post-thumbnail","6":"product_cat-ambientador","7":"product_cat-automocion","8":"product_cat-detailing","9":"product_cat-eliminadores","10":"product_cat-hosteleria","11":"product_cat-hoteles","12":"product_cat-industria","13":"product_cat-interior","14":"product_cat-mantenimiento-industrial","15":"product_cat-restaurantes","16":"product_cat-sala","17":"product_cat-sala-restaurantes","18":"product_tag-absorbe-olores","19":"product_tag-biodegradable","20":"product_tag-detailing","21":"product_tag-limpieza-de-vehiculos","22":"product_tag-ofm-chemicals","24":"first","25":"instock","26":"taxable","27":"shipping-taxable","28":"purchasable","29":"product-type-simple"},"_links":{"self":[{"href":"https:\/\/ofmchemicals.com\/de\/wp-json\/wp\/v2\/product\/12597","targetHints":{"allow":["GET"]}}],"collection":[{"href":"https:\/\/ofmchemicals.com\/de\/wp-json\/wp\/v2\/product"}],"about":[{"href":"https:\/\/ofmchemicals.com\/de\/wp-json\/wp\/v2\/types\/product"}],"replies":[{"embeddable":true,"href":"https:\/\/ofmchemicals.com\/de\/wp-json\/wp\/v2\/comments?post=12597"}],"version-history":[{"count":2,"href":"https:\/\/ofmchemicals.com\/de\/wp-json\/wp\/v2\/product\/12597\/revisions"}],"predecessor-version":[{"id":13155,"href":"https:\/\/ofmchemicals.com\/de\/wp-json\/wp\/v2\/product\/12597\/revisions\/13155"}],"wp:featuredmedia":[{"embeddable":true,"href":"https:\/\/ofmchemicals.com\/de\/wp-json\/wp\/v2\/media\/12013"}],"wp:attachment":[{"href":"https:\/\/ofmchemicals.com\/de\/wp-json\/wp\/v2\/media?parent=12597"}],"wp:term":[{"taxonomy":"product_brand","embeddable":true,"href":"https:\/\/ofmchemicals.com\/de\/wp-json\/wp\/v2\/product_brand?post=12597"},{"taxonomy":"product_cat","embeddable":true,"href":"https:\/\/ofmchemicals.com\/de\/wp-json\/wp\/v2\/product_cat?post=12597"},{"taxonomy":"product_tag","embeddable":true,"href":"https:\/\/ofmchemicals.com\/de\/wp-json\/wp\/v2\/product_tag?post=12597"}],"curies":[{"name":"wp","href":"https:\/\/api.w.org\/{rel}","templated":true}]}}