{"id":12567,"date":"2025-02-13T09:47:11","date_gmt":"2025-02-13T08:47:11","guid":{"rendered":"https:\/\/ofmchemicals.com\/producto-ofm\/top-tex-5l\/"},"modified":"2025-03-13T09:31:03","modified_gmt":"2025-03-13T08:31:03","slug":"top-tex-5l","status":"publish","type":"product","link":"https:\/\/ofmchemicals.com\/de\/tienda-online-de-productos-quimicos\/top-tex-5l\/","title":{"rendered":"TOP TEX 5L"},"content":{"rendered":"<p class=\"p1\"><b>OFM-TOP TEX 5L<\/b><\/p>\n<p class=\"p1\">TOP TEX es un limpia tapicer\u00edas para cualquier tipo de superficie ya sea tela, piel o alc\u00e1ntara. Su formula exclusiva hace que este producto \u00fanico en el mercado recupere y realce los colores de la tapicer\u00eda y elimine los olores gracias a su contenido en eliminador de bacterias.<\/p>\n<p>Proporciona un agradable olor a limpio, elimina por completo las bacterias que general el mal olor y realza los colores gracias a su formula con blanqueante \u00f3ptico. Este es el formato de 5L.<\/p>\n<hr \/>\n<p class=\"p1\"><b>FORMATOS<\/b><\/p>\n<p class=\"p1\"><a href=\"https:\/\/ofmchemicals.com\/tienda-online-de-productos-quimicos\/top-tex-750ml\/\">750ML<\/a>, <a href=\"https:\/\/ofmchemicals.com\/tienda-online-de-productos-quimicos\/top-tex-5l\/\">5L<\/a>, <a href=\"https:\/\/ofmchemicals.com\/tienda-online-de-productos-quimicos\/top-tex-25l\/\">25L<\/a>, IBC<\/p>\n<hr \/>\n<p class=\"p1\"><b>MODO DE EMPLEO<\/b><\/p>\n<p class=\"p1\">Diluir en proporci\u00f3n m\u00e1xima de 1 parte de producto y 10 de agua para el lavado manual (mediante esponja o cepillo); y 1 parte de producto y 15 de agua para el lavado a m\u00e1quina (mediante cepillo) o incluso puro. En ambos casos, por frotaci\u00f3n se produce la espuma deseada. Dejar secar la espuma, posteriormente retirar los residuos con un aspirador o trapo h\u00famedo. Compatible con pulverizador espumante para limpieza en seco.<\/p>\n<hr \/>\n<p class=\"p1\"><b>ADVERTENCIAS<\/b><\/p>\n<p class=\"p1\">\n","protected":false},"excerpt":{"rendered":"<p>TOP TEX Tapicerias antibacterias con blanqueante \u00f3ptico concentrado. 5L.<\/p>\n","protected":false},"featured_media":12073,"comment_status":"closed","ping_status":"closed","template":"","meta":{"inline_featured_image":false,"_jet_sm_ready_style":"","_jet_sm_style":"","_jet_sm_controls_values":"","_jet_sm_fonts_collection":"","_jet_sm_fonts_links":"","_joinchat":[]},"product_brand":[],"product_cat":[632,635,634,637,681,684,647],"product_tag":[60,48,67,49,211,69,68],"class_list":{"0":"post-12567","1":"product","2":"type-product","3":"status-publish","4":"has-post-thumbnail","6":"product_cat-automocion","7":"product_cat-detailing","8":"product_cat-hosteleria","9":"product_cat-interior","10":"product_cat-restaurantes","11":"product_cat-sala-restaurantes","12":"product_cat-tapiceria","13":"product_tag-biodegradable","14":"product_tag-detailing","15":"product_tag-limpieza-de-tapicerias","16":"product_tag-limpieza-de-vehiculos","17":"product_tag-ofm-chemicals","18":"product_tag-salpicadero-de-alcantara","19":"product_tag-salpicadero-de-piel","21":"first","22":"instock","23":"taxable","24":"shipping-taxable","25":"purchasable","26":"product-type-simple"},"_links":{"self":[{"href":"https:\/\/ofmchemicals.com\/de\/wp-json\/wp\/v2\/product\/12567","targetHints":{"allow":["GET"]}}],"collection":[{"href":"https:\/\/ofmchemicals.com\/de\/wp-json\/wp\/v2\/product"}],"about":[{"href":"https:\/\/ofmchemicals.com\/de\/wp-json\/wp\/v2\/types\/product"}],"replies":[{"embeddable":true,"href":"https:\/\/ofmchemicals.com\/de\/wp-json\/wp\/v2\/comments?post=12567"}],"version-history":[{"count":3,"href":"https:\/\/ofmchemicals.com\/de\/wp-json\/wp\/v2\/product\/12567\/revisions"}],"predecessor-version":[{"id":14911,"href":"https:\/\/ofmchemicals.com\/de\/wp-json\/wp\/v2\/product\/12567\/revisions\/14911"}],"wp:featuredmedia":[{"embeddable":true,"href":"https:\/\/ofmchemicals.com\/de\/wp-json\/wp\/v2\/media\/12073"}],"wp:attachment":[{"href":"https:\/\/ofmchemicals.com\/de\/wp-json\/wp\/v2\/media?parent=12567"}],"wp:term":[{"taxonomy":"product_brand","embeddable":true,"href":"https:\/\/ofmchemicals.com\/de\/wp-json\/wp\/v2\/product_brand?post=12567"},{"taxonomy":"product_cat","embeddable":true,"href":"https:\/\/ofmchemicals.com\/de\/wp-json\/wp\/v2\/product_cat?post=12567"},{"taxonomy":"product_tag","embeddable":true,"href":"https:\/\/ofmchemicals.com\/de\/wp-json\/wp\/v2\/product_tag?post=12567"}],"curies":[{"name":"wp","href":"https:\/\/api.w.org\/{rel}","templated":true}]}}