{"id":12563,"date":"2025-02-13T09:47:11","date_gmt":"2025-02-13T08:47:11","guid":{"rendered":"https:\/\/ofmchemicals.com\/producto-ofm\/crystal-clean-25l\/"},"modified":"2025-03-04T11:50:17","modified_gmt":"2025-03-04T10:50:17","slug":"crystal-clean-25l","status":"publish","type":"product","link":"https:\/\/ofmchemicals.com\/de\/tienda-online-de-productos-quimicos\/crystal-clean-25l\/","title":{"rendered":"CRYSTAL CLEAN 25L"},"content":{"rendered":"<p class=\"p1\"><b>OFM-CRYSTAL CLEAN 25L<\/b><\/p>\n<p class=\"p1\">Es un limpiacristales multiusos eliminador de bacterias en uso directo, con alto poder de limpieza para espejos, cristales.<br \/>\nPor su especial formulaci\u00f3n y su contenido en amonio cuaternario proporciona un alto poder higienizante en todas las superficies tratadas. Con efecto auto secado, evapora r\u00e1pidamente dejando las superficies n\u00edtidas sin velos ni empa\u00f1amientos.<br \/>\nEste es el formato de 25L.<\/p>\n<hr \/>\n<p class=\"p1\"><b>FORMATOS<\/b><\/p>\n<p class=\"p1\">750ML, 5L, 25L, IBC<\/p>\n<hr \/>\n<p class=\"p1\"><b>MODO DE EMPLEO<\/b><\/p>\n<p class=\"p1\">Pulverizar sobre la superficie a limpiar y frotar con un pa\u00f1o limpio. Seca por s\u00ed mismo. No es necesario aclarar.<\/p>\n<hr \/>\n<p class=\"p1\"><b>ADVERTENCIAS<\/b><\/p>\n<p>PRODUCTO 100% BIODEGRADABLE<\/p>\n","protected":false},"excerpt":{"rendered":"<p>Limpiacristales con cristalizador multiusos antibacteriano. 25L.<\/p>\n","protected":false},"featured_media":11993,"comment_status":"closed","ping_status":"closed","template":"","meta":{"inline_featured_image":false,"_jet_sm_ready_style":"","_jet_sm_style":"","_jet_sm_controls_values":"","_jet_sm_fonts_collection":"","_jet_sm_fonts_links":"","_joinchat":[]},"product_brand":[],"product_cat":[632,642,635,636,634,675,681,678,684],"product_tag":[54,211],"class_list":{"0":"post-12563","1":"product","2":"type-product","3":"status-publish","4":"has-post-thumbnail","6":"product_cat-automocion","7":"product_cat-cristales-y-faros","8":"product_cat-detailing","9":"product_cat-exterior","10":"product_cat-hosteleria","11":"product_cat-hoteles","12":"product_cat-restaurantes","13":"product_cat-sala","14":"product_cat-sala-restaurantes","15":"product_tag-limpiacristales","16":"product_tag-ofm-chemicals","18":"first","19":"instock","20":"taxable","21":"shipping-taxable","22":"purchasable","23":"product-type-simple"},"_links":{"self":[{"href":"https:\/\/ofmchemicals.com\/de\/wp-json\/wp\/v2\/product\/12563","targetHints":{"allow":["GET"]}}],"collection":[{"href":"https:\/\/ofmchemicals.com\/de\/wp-json\/wp\/v2\/product"}],"about":[{"href":"https:\/\/ofmchemicals.com\/de\/wp-json\/wp\/v2\/types\/product"}],"replies":[{"embeddable":true,"href":"https:\/\/ofmchemicals.com\/de\/wp-json\/wp\/v2\/comments?post=12563"}],"version-history":[{"count":2,"href":"https:\/\/ofmchemicals.com\/de\/wp-json\/wp\/v2\/product\/12563\/revisions"}],"predecessor-version":[{"id":12879,"href":"https:\/\/ofmchemicals.com\/de\/wp-json\/wp\/v2\/product\/12563\/revisions\/12879"}],"wp:featuredmedia":[{"embeddable":true,"href":"https:\/\/ofmchemicals.com\/de\/wp-json\/wp\/v2\/media\/11993"}],"wp:attachment":[{"href":"https:\/\/ofmchemicals.com\/de\/wp-json\/wp\/v2\/media?parent=12563"}],"wp:term":[{"taxonomy":"product_brand","embeddable":true,"href":"https:\/\/ofmchemicals.com\/de\/wp-json\/wp\/v2\/product_brand?post=12563"},{"taxonomy":"product_cat","embeddable":true,"href":"https:\/\/ofmchemicals.com\/de\/wp-json\/wp\/v2\/product_cat?post=12563"},{"taxonomy":"product_tag","embeddable":true,"href":"https:\/\/ofmchemicals.com\/de\/wp-json\/wp\/v2\/product_tag?post=12563"}],"curies":[{"name":"wp","href":"https:\/\/api.w.org\/{rel}","templated":true}]}}