{"id":14462,"date":"2025-02-13T09:47:01","date_gmt":"2025-02-13T08:47:01","guid":{"rendered":"https:\/\/ofmchemicals.com\/producto-ofm\/inner-shine-2-5l\/"},"modified":"2025-02-13T09:47:01","modified_gmt":"2025-02-13T08:47:01","slug":"inner-shine-2-5l","status":"publish","type":"product","link":"https:\/\/ofmchemicals.com\/ca\/tienda-online-de-productos-quimicos\/inner-shine-2-5l\/","title":{"rendered":"INNER SHINE 2 5L"},"content":{"rendered":"<p class=\"p1\"><b>OFM-INNER SHINE 2 5L<\/b><\/p>\n<p class=\"p1\">INNER SHINE 2 \u00e9s un producte dissenyat per a la neteja i abrillantat de superf\u00edcies de vinil, cautx\u00fa i pl\u00e0stic, al sector d&#8217;automoci\u00f3. Repel\u00b7li la pols i la brut\u00edcia, deixant les superf\u00edcies amb un magn\u00edfic acabat brillant suau. <\/p>\n<p>Impedeix la formaci\u00f3 de petjades i marques, reduint al m\u00ednim el ratllat. No grogueja amb el temps ni altera el color de les superf\u00edcies. No ataca els metalls. Facilita el manteniment de la brillantor, indicat per a autom\u00f2bils, sostres vin\u00edlics, cuir, tabliers, etc. Aquest \u00e9s el format de 5L.    <\/p>\n<hr>\n<p class=\"p1\"><b>FORMATS<\/b><\/p>\n<p class=\"p1\">750ML, 5L, 25L, IBC<\/p>\n<hr>\n<p class=\"p1\"><b>MODE D&#8217;OCUPACI\u00d3<\/b><\/p>\n<p class=\"p1\">Polvoritzar una petita quantitat d&#8217;INNER SHINE 2 directament sobre la superf\u00edcie a una dist\u00e0ncia de 20-25 cm, fregar i escampar el producte amb un drap net i sec. Per a posteriors neteges de superf\u00edcies tractades \u00e9s suficient passar lleugerament un drap ja que la pols i la brut\u00edcia no arriben a adherir-s&#8217;hi. <\/p>\n<hr>\n<p class=\"p1\"><b>ADVERTIMENTS<\/b><\/p>\n<p class=\"p1\">\n","protected":false},"excerpt":{"rendered":"<p>INNER SHINE 2 Condicionador interior brillant natural. 5L. <\/p>\n","protected":false},"featured_media":13759,"comment_status":"closed","ping_status":"open","template":"","meta":{"inline_featured_image":false,"_jet_sm_ready_style":"","_jet_sm_style":"","_jet_sm_controls_values":"","_jet_sm_fonts_collection":"","_jet_sm_fonts_links":"","_joinchat":[]},"product_brand":[],"product_cat":[722,891,723,807],"product_tag":[730,727,846,845,844,728,731],"class_list":{"0":"post-14462","1":"product","2":"type-product","3":"status-publish","4":"has-post-thumbnail","6":"product_cat-automocio","7":"product_cat-condicionat","8":"product_cat-detailing-ca","9":"product_cat-interior-ca","10":"product_tag-biodegradable-ca","11":"product_tag-detailing-ca","12":"product_tag-esquitxador-dalcantara","13":"product_tag-esquitxador-de-pell","14":"product_tag-neteja-de-tapisseries","15":"product_tag-neteja-de-vehicles","16":"product_tag-ofm-chemicals-ca","18":"first","19":"instock","20":"taxable","21":"shipping-taxable","22":"purchasable","23":"product-type-simple"},"_links":{"self":[{"href":"https:\/\/ofmchemicals.com\/ca\/wp-json\/wp\/v2\/product\/14462","targetHints":{"allow":["GET"]}}],"collection":[{"href":"https:\/\/ofmchemicals.com\/ca\/wp-json\/wp\/v2\/product"}],"about":[{"href":"https:\/\/ofmchemicals.com\/ca\/wp-json\/wp\/v2\/types\/product"}],"replies":[{"embeddable":true,"href":"https:\/\/ofmchemicals.com\/ca\/wp-json\/wp\/v2\/comments?post=14462"}],"version-history":[{"count":0,"href":"https:\/\/ofmchemicals.com\/ca\/wp-json\/wp\/v2\/product\/14462\/revisions"}],"wp:featuredmedia":[{"embeddable":true,"href":"https:\/\/ofmchemicals.com\/ca\/wp-json\/wp\/v2\/media\/13759"}],"wp:attachment":[{"href":"https:\/\/ofmchemicals.com\/ca\/wp-json\/wp\/v2\/media?parent=14462"}],"wp:term":[{"taxonomy":"product_brand","embeddable":true,"href":"https:\/\/ofmchemicals.com\/ca\/wp-json\/wp\/v2\/product_brand?post=14462"},{"taxonomy":"product_cat","embeddable":true,"href":"https:\/\/ofmchemicals.com\/ca\/wp-json\/wp\/v2\/product_cat?post=14462"},{"taxonomy":"product_tag","embeddable":true,"href":"https:\/\/ofmchemicals.com\/ca\/wp-json\/wp\/v2\/product_tag?post=14462"}],"curies":[{"name":"wp","href":"https:\/\/api.w.org\/{rel}","templated":true}]}}