{"id":14404,"date":"2025-02-13T09:47:01","date_gmt":"2025-02-13T08:47:01","guid":{"rendered":"https:\/\/ofmchemicals.com\/producto-ofm\/econatur-crem-pintures-5l\/"},"modified":"2025-02-13T09:47:01","modified_gmt":"2025-02-13T08:47:01","slug":"econatur-crem-pintures-5l","status":"publish","type":"product","link":"https:\/\/ofmchemicals.com\/ca\/tienda-online-de-productos-quimicos\/econatur-crem-pintures-5l\/","title":{"rendered":"ECONATUR CREM PINTURES 5L"},"content":{"rendered":"<p class=\"p1\"><b>OFM-ECONATUR CREM PINTURES 5L<\/b><\/p>\n<p class=\"p1\">ECONATUR CREM PINTURES, pasta de mans per a pintors, producte crem\u00f3s formulat per a la neteja de mans a base de microesferes i agents protectors. Deixa una agradable suavitat a la pell. Dissenyat per netejar tintes i brut\u00edcia general. Aquest \u00e9s el format de 5L.   <\/p>\n<hr>\n<p class=\"p1\"><b>FORMATS<\/b><\/p>\n<p class=\"p1\">5L, 25L<\/p>\n<hr>\n<p class=\"p1\"><b>MODE D&#8217;OCUPACI\u00d3<\/b><\/p>\n<p class=\"p1\">ECONATUR CREM s&#8217;aplica directament sobre les mans brutes abans de mullar-les. Poseu una dosi de 6-7 grs. de producte, fregueu uns minuts fins a emulsionar b\u00e9 la brut\u00edcia i finalment esbandir amb abundant aigua. Repetir el proc\u00e9s si fos necessari, per a brut\u00edcies molt severes.  <\/p>\n<hr>\n<p class=\"p1\"><b>ADVERTIMENTS<\/b><\/p>\n<p class=\"p1\">\n","protected":false},"excerpt":{"rendered":"<p>Pasta de mans per a pintors 5L.<\/p>\n","protected":false},"featured_media":13743,"comment_status":"closed","ping_status":"open","template":"","meta":{"inline_featured_image":false,"_jet_sm_ready_style":"","_jet_sm_style":"","_jet_sm_controls_values":"","_jet_sm_fonts_collection":"","_jet_sm_fonts_links":"","_joinchat":[]},"product_brand":[],"product_cat":[722,843,825],"product_tag":[730,727,846,845,844,728,731],"class_list":{"0":"post-14404","1":"product","2":"type-product","3":"status-publish","4":"has-post-thumbnail","6":"product_cat-automocio","7":"product_cat-sabo","8":"product_cat-taller-ca","9":"product_tag-biodegradable-ca","10":"product_tag-detailing-ca","11":"product_tag-esquitxador-dalcantara","12":"product_tag-esquitxador-de-pell","13":"product_tag-neteja-de-tapisseries","14":"product_tag-neteja-de-vehicles","15":"product_tag-ofm-chemicals-ca","17":"first","18":"instock","19":"taxable","20":"shipping-taxable","21":"purchasable","22":"product-type-simple"},"_links":{"self":[{"href":"https:\/\/ofmchemicals.com\/ca\/wp-json\/wp\/v2\/product\/14404","targetHints":{"allow":["GET"]}}],"collection":[{"href":"https:\/\/ofmchemicals.com\/ca\/wp-json\/wp\/v2\/product"}],"about":[{"href":"https:\/\/ofmchemicals.com\/ca\/wp-json\/wp\/v2\/types\/product"}],"replies":[{"embeddable":true,"href":"https:\/\/ofmchemicals.com\/ca\/wp-json\/wp\/v2\/comments?post=14404"}],"version-history":[{"count":0,"href":"https:\/\/ofmchemicals.com\/ca\/wp-json\/wp\/v2\/product\/14404\/revisions"}],"wp:featuredmedia":[{"embeddable":true,"href":"https:\/\/ofmchemicals.com\/ca\/wp-json\/wp\/v2\/media\/13743"}],"wp:attachment":[{"href":"https:\/\/ofmchemicals.com\/ca\/wp-json\/wp\/v2\/media?parent=14404"}],"wp:term":[{"taxonomy":"product_brand","embeddable":true,"href":"https:\/\/ofmchemicals.com\/ca\/wp-json\/wp\/v2\/product_brand?post=14404"},{"taxonomy":"product_cat","embeddable":true,"href":"https:\/\/ofmchemicals.com\/ca\/wp-json\/wp\/v2\/product_cat?post=14404"},{"taxonomy":"product_tag","embeddable":true,"href":"https:\/\/ofmchemicals.com\/ca\/wp-json\/wp\/v2\/product_tag?post=14404"}],"curies":[{"name":"wp","href":"https:\/\/api.w.org\/{rel}","templated":true}]}}