{"id":14375,"date":"2025-02-13T09:46:49","date_gmt":"2025-02-13T08:46:49","guid":{"rendered":"https:\/\/ofmchemicals.com\/producto-ofm\/tire-shine-gel-x-5l\/"},"modified":"2025-02-13T09:46:49","modified_gmt":"2025-02-13T08:46:49","slug":"tire-shine-gel-x-5l","status":"publish","type":"product","link":"https:\/\/ofmchemicals.com\/ca\/tienda-online-de-productos-quimicos\/tire-shine-gel-x-5l\/","title":{"rendered":"TIRE SHINE GEL-X 5L"},"content":{"rendered":"<p class=\"p1\"><b>OFM-TIRE SHINE GEL-X 5L<\/b><\/p>\n<p class=\"p1\">TIRE SHINE GEL-X \u00e9s un abrillantador de gomes i cautx\u00fas. El nostre abrillantador de pneum\u00e0tics \u00e9s un producte especialment dissenyat per donar una brillantor intensa als teus pneum\u00e0tics. Brillantor de llarga durada: proporciona un acabat brillant que resisteix el pas del temps. Manipulaci\u00f3 segura: lliure de dissolvents, no fa malb\u00e9 ni resseca el cautx\u00fa, a m\u00e9s, no \u00e9s inflamable. Torna als pneum\u00e0tics un aspecte rejovenit i atractiu. Aquest \u00e9s el format de 5L.     <\/p>\n<hr>\n<p class=\"p1\"><b>FORMATS<\/b><\/p>\n<p class=\"p1\">5L, 25L, IBC<\/p>\n<hr>\n<p class=\"p1\"><b>MODE D&#8217;OCUPACI\u00d3<\/b><\/p>\n<p class=\"p1\">S&#8217;utilitza el producte pur aplicant-lo directament sobre el pneum\u00e0tic per contacte, de manera que quedi uniformement repartit per tota la superf\u00edcie, aplicar amb drap o esponja. PRODUCTE 100% BIODEGRADABLE <\/p>\n<hr>\n<p class=\"p1\"><b>ADVERTIMENTS<\/b><\/p>\n<p class=\"p1\">\n","protected":false},"excerpt":{"rendered":"<p>Abrillantador de pneum\u00e0tics 5L.<\/p>\n","protected":false},"featured_media":13847,"comment_status":"closed","ping_status":"closed","template":"","meta":{"inline_featured_image":false,"_jet_sm_ready_style":"","_jet_sm_style":"","_jet_sm_controls_values":"","_jet_sm_fonts_collection":"","_jet_sm_fonts_links":"","_joinchat":[]},"product_brand":[],"product_cat":[722,723,724,725,726],"product_tag":[730,727,728,729,731],"class_list":{"0":"post-14375","1":"product","2":"type-product","3":"status-publish","4":"has-post-thumbnail","6":"product_cat-automocio","7":"product_cat-detailing-ca","8":"product_cat-exterior-ca","9":"product_cat-llandes-i-pneumatics","10":"product_cat-plastics-i-gomes","11":"product_tag-biodegradable-ca","12":"product_tag-detailing-ca","13":"product_tag-neteja-de-vehicles","14":"product_tag-neteja-exterior-de-vehicles","15":"product_tag-ofm-chemicals-ca","17":"first","18":"instock","19":"taxable","20":"shipping-taxable","21":"purchasable","22":"product-type-simple"},"_links":{"self":[{"href":"https:\/\/ofmchemicals.com\/ca\/wp-json\/wp\/v2\/product\/14375","targetHints":{"allow":["GET"]}}],"collection":[{"href":"https:\/\/ofmchemicals.com\/ca\/wp-json\/wp\/v2\/product"}],"about":[{"href":"https:\/\/ofmchemicals.com\/ca\/wp-json\/wp\/v2\/types\/product"}],"replies":[{"embeddable":true,"href":"https:\/\/ofmchemicals.com\/ca\/wp-json\/wp\/v2\/comments?post=14375"}],"version-history":[{"count":0,"href":"https:\/\/ofmchemicals.com\/ca\/wp-json\/wp\/v2\/product\/14375\/revisions"}],"wp:featuredmedia":[{"embeddable":true,"href":"https:\/\/ofmchemicals.com\/ca\/wp-json\/wp\/v2\/media\/13847"}],"wp:attachment":[{"href":"https:\/\/ofmchemicals.com\/ca\/wp-json\/wp\/v2\/media?parent=14375"}],"wp:term":[{"taxonomy":"product_brand","embeddable":true,"href":"https:\/\/ofmchemicals.com\/ca\/wp-json\/wp\/v2\/product_brand?post=14375"},{"taxonomy":"product_cat","embeddable":true,"href":"https:\/\/ofmchemicals.com\/ca\/wp-json\/wp\/v2\/product_cat?post=14375"},{"taxonomy":"product_tag","embeddable":true,"href":"https:\/\/ofmchemicals.com\/ca\/wp-json\/wp\/v2\/product_tag?post=14375"}],"curies":[{"name":"wp","href":"https:\/\/api.w.org\/{rel}","templated":true}]}}