{"id":14358,"date":"2025-02-13T09:46:49","date_gmt":"2025-02-13T08:46:49","guid":{"rendered":"https:\/\/ofmchemicals.com\/producto-ofm\/apc-7-750ml\/"},"modified":"2025-02-13T09:46:49","modified_gmt":"2025-02-13T08:46:49","slug":"apc-7-750ml","status":"publish","type":"product","link":"https:\/\/ofmchemicals.com\/ca\/tienda-online-de-productos-quimicos\/apc-7-750ml\/","title":{"rendered":"APC-7 750ML"},"content":{"rendered":"<p class=\"p1\"><b>OFM-APC-7 750ML<\/b><\/p>\n<p class=\"p1\">Netejador multifuncional totalment lliure de c\u00e0ustics, especialment indicat per eliminar greixos, olis i tot tipus de brut\u00edcia fortament adherida a totes les superf\u00edcies del vehicle. Molt efica\u00e7 especialment en zones amb brut\u00edcies rebels. Aquest \u00e9s el format de 750ML.  <\/p>\n<hr>\n<p class=\"p1\"><b>FORMATS<\/b><\/p>\n<p class=\"p1\">750ML, 5L, 25L, IBC<\/p>\n<hr>\n<p class=\"p1\"><b>MODE D&#8217;OCUPACI\u00d3<\/b><\/p>\n<p class=\"p1\">Polvoritzar una petita quantitat d&#8217;APC-7 directament sobre la superf\u00edcie, fregar i escampar el producte amb esponja o raspall suau, drap, etc. Esbandir amb aigua corrent o amb esponja o drap humits. Es pot aplicar pur o dilu\u00eft fins a un 5%.  <\/p>\n<hr>\n<p class=\"p1\"><b>ADVERTIMENTS<\/b><\/p>\n<p class=\"p1\">\n","protected":false},"excerpt":{"rendered":"<p>Desengreixant ecol\u00f2gic multiusos 750ML.<\/p>\n","protected":false},"featured_media":13867,"comment_status":"closed","ping_status":"open","template":"","meta":{"inline_featured_image":false,"_jet_sm_ready_style":"","_jet_sm_style":"","_jet_sm_controls_values":"","_jet_sm_fonts_collection":"","_jet_sm_fonts_links":"","_joinchat":[]},"product_brand":[],"product_cat":[822,722,723,724,807,825,824],"product_tag":[730,727,728,729,827,731],"class_list":{"0":"post-14358","1":"product","2":"type-product","3":"status-publish","4":"has-post-thumbnail","6":"product_cat-apc-ca-2","7":"product_cat-automocio","8":"product_cat-detailing-ca","9":"product_cat-exterior-ca","10":"product_cat-interior-ca","11":"product_cat-taller-ca","12":"product_cat-tapisseria-2","13":"product_tag-biodegradable-ca","14":"product_tag-detailing-ca","15":"product_tag-neteja-de-vehicles","16":"product_tag-neteja-exterior-de-vehicles","17":"product_tag-neteja-interior-de-vehicles-ca","18":"product_tag-ofm-chemicals-ca","20":"first","21":"instock","22":"taxable","23":"shipping-taxable","24":"purchasable","25":"product-type-simple"},"_links":{"self":[{"href":"https:\/\/ofmchemicals.com\/ca\/wp-json\/wp\/v2\/product\/14358","targetHints":{"allow":["GET"]}}],"collection":[{"href":"https:\/\/ofmchemicals.com\/ca\/wp-json\/wp\/v2\/product"}],"about":[{"href":"https:\/\/ofmchemicals.com\/ca\/wp-json\/wp\/v2\/types\/product"}],"replies":[{"embeddable":true,"href":"https:\/\/ofmchemicals.com\/ca\/wp-json\/wp\/v2\/comments?post=14358"}],"version-history":[{"count":0,"href":"https:\/\/ofmchemicals.com\/ca\/wp-json\/wp\/v2\/product\/14358\/revisions"}],"wp:featuredmedia":[{"embeddable":true,"href":"https:\/\/ofmchemicals.com\/ca\/wp-json\/wp\/v2\/media\/13867"}],"wp:attachment":[{"href":"https:\/\/ofmchemicals.com\/ca\/wp-json\/wp\/v2\/media?parent=14358"}],"wp:term":[{"taxonomy":"product_brand","embeddable":true,"href":"https:\/\/ofmchemicals.com\/ca\/wp-json\/wp\/v2\/product_brand?post=14358"},{"taxonomy":"product_cat","embeddable":true,"href":"https:\/\/ofmchemicals.com\/ca\/wp-json\/wp\/v2\/product_cat?post=14358"},{"taxonomy":"product_tag","embeddable":true,"href":"https:\/\/ofmchemicals.com\/ca\/wp-json\/wp\/v2\/product_tag?post=14358"}],"curies":[{"name":"wp","href":"https:\/\/api.w.org\/{rel}","templated":true}]}}