{"id":14330,"date":"2025-02-13T09:46:49","date_gmt":"2025-02-13T08:46:49","guid":{"rendered":"https:\/\/ofmchemicals.com\/producto-ofm\/lollipop-25l\/"},"modified":"2025-02-13T09:46:49","modified_gmt":"2025-02-13T08:46:49","slug":"lollipop-25l","status":"publish","type":"product","link":"https:\/\/ofmchemicals.com\/ca\/tienda-online-de-productos-quimicos\/lollipop-25l\/","title":{"rendered":"LOLLIPOP 25L"},"content":{"rendered":"<p class=\"p1\"><b>OFM-LOLLIPOP 25L<\/b><\/p>\n<p class=\"p1\">\u00c9s un ambientador elaborat amb una selecci\u00f3 de les millors ess\u00e8ncies naturals i sint\u00e8tiques. Perfuma el vehicle amb una aroma agradable, el seu efecte es prolonga durant hores, donant la sensaci\u00f3 d&#8217;ambient net i fresc. Aquest \u00e9s el format de 25L.  <\/p>\n<hr>\n<p class=\"p1\"><b>FORMATS<\/b><\/p>\n<p class=\"p1\">5L, 25L, IBC<\/p>\n<hr>\n<p class=\"p1\"><b>MODE D&#8217;OCUPACI\u00d3<\/b><\/p>\n<p class=\"p1\">Polvoritzar a les estoretes i maleter del vehicle per aconseguir una frag\u00e0ncia indirecta i duradora.<\/p>\n<hr>\n<p class=\"p1\"><b>ADVERTIMENTS<\/b><\/p>\n<p class=\"p1\">\n","protected":false},"excerpt":{"rendered":"<p>Ambientador PIRULETA 25L.<\/p>\n","protected":false},"featured_media":13595,"comment_status":"closed","ping_status":"open","template":"","meta":{"inline_featured_image":false,"_jet_sm_ready_style":"","_jet_sm_style":"","_jet_sm_controls_values":"","_jet_sm_fonts_collection":"","_jet_sm_fonts_links":"","_joinchat":[]},"product_brand":[],"product_cat":[808,722,723,807],"product_tag":[730,727,728,731],"class_list":{"0":"post-14330","1":"product","2":"type-product","3":"status-publish","4":"has-post-thumbnail","6":"product_cat-ambientador-ca","7":"product_cat-automocio","8":"product_cat-detailing-ca","9":"product_cat-interior-ca","10":"product_tag-biodegradable-ca","11":"product_tag-detailing-ca","12":"product_tag-neteja-de-vehicles","13":"product_tag-ofm-chemicals-ca","15":"first","16":"instock","17":"taxable","18":"shipping-taxable","19":"purchasable","20":"product-type-simple"},"_links":{"self":[{"href":"https:\/\/ofmchemicals.com\/ca\/wp-json\/wp\/v2\/product\/14330","targetHints":{"allow":["GET"]}}],"collection":[{"href":"https:\/\/ofmchemicals.com\/ca\/wp-json\/wp\/v2\/product"}],"about":[{"href":"https:\/\/ofmchemicals.com\/ca\/wp-json\/wp\/v2\/types\/product"}],"replies":[{"embeddable":true,"href":"https:\/\/ofmchemicals.com\/ca\/wp-json\/wp\/v2\/comments?post=14330"}],"version-history":[{"count":0,"href":"https:\/\/ofmchemicals.com\/ca\/wp-json\/wp\/v2\/product\/14330\/revisions"}],"wp:featuredmedia":[{"embeddable":true,"href":"https:\/\/ofmchemicals.com\/ca\/wp-json\/wp\/v2\/media\/13595"}],"wp:attachment":[{"href":"https:\/\/ofmchemicals.com\/ca\/wp-json\/wp\/v2\/media?parent=14330"}],"wp:term":[{"taxonomy":"product_brand","embeddable":true,"href":"https:\/\/ofmchemicals.com\/ca\/wp-json\/wp\/v2\/product_brand?post=14330"},{"taxonomy":"product_cat","embeddable":true,"href":"https:\/\/ofmchemicals.com\/ca\/wp-json\/wp\/v2\/product_cat?post=14330"},{"taxonomy":"product_tag","embeddable":true,"href":"https:\/\/ofmchemicals.com\/ca\/wp-json\/wp\/v2\/product_tag?post=14330"}],"curies":[{"name":"wp","href":"https:\/\/api.w.org\/{rel}","templated":true}]}}