{"id":14311,"date":"2025-02-13T09:46:38","date_gmt":"2025-02-13T08:46:38","guid":{"rendered":"https:\/\/ofmchemicals.com\/producto-ofm\/ferrinet-ultra-25l\/"},"modified":"2025-02-13T09:46:38","modified_gmt":"2025-02-13T08:46:38","slug":"ferrinet-ultra-25l","status":"publish","type":"product","link":"https:\/\/ofmchemicals.com\/ca\/tienda-online-de-productos-quimicos\/ferrinet-ultra-25l\/","title":{"rendered":"FERRINET-ULTRA 25L"},"content":{"rendered":"<p class=\"p1\"><b>OFM-FERRINET-ULTRA 25L<\/b><\/p>\n<p class=\"p1\">FERRINET ULTRA, un potent descontaminant dissenyat per eliminar efica\u00e7ment les taques d&#8217;\u00f2xid en vehicles, incloses aquelles produ\u00efdes per la caten\u00e0ria, amb aroma de fruits vermells, dissimulant l&#8217;olor caracter\u00edstica d&#8217;un descontaminant f\u00e8rric.<\/p>\n<p>La nostra f\u00f3rmula especialitzada est\u00e0 creada per a una acci\u00f3 espec\u00edfica contra l&#8217;\u00f2xid, permetent una neteja profunda i efectiva a les superf\u00edcies dels vehicles. FERRINET-ULTRA no nom\u00e9s elimina les taques d&#8217;\u00f2xid, sin\u00f3 que tamb\u00e9 ajuda a prevenir-ne la reaparici\u00f3, protegint l&#8217;aparen\u00e7a i l&#8217;acabat del vehicle. Aquest \u00e9s el format de 25L.  <\/p>\n<hr>\n<p class=\"p1\"><b>FORMATS<\/b><\/p>\n<p class=\"p1\">5L, 25L, IBC<\/p>\n<hr>\n<p class=\"p1\"><b>MODE D&#8217;OCUPACI\u00d3<\/b><\/p>\n<p class=\"p1\">Polvoritzar sobre la superf\u00edcie a tractar, deixar actuar un moment i esbandir amb aigua. En el proc\u00e9s de descontaminaci\u00f3 el producte fa una reacci\u00f3 qu\u00edmica canviant de color en actuar amb els \u00f2xids i pol\u00b7lucions industrials, que es dipositen a les carrosseries en estar aquestes en la intemp\u00e8rie exposades a part\u00edcules met\u00e0l\u00b7liques en suspensi\u00f3. No afecta els components dels vehicles com ara gomes, vidres, pl\u00e0stics, metalls o pintura.  <\/p>\n<hr>\n<p class=\"p1\"><b>ADVERTIMENTS<\/b><\/p>\n<p class=\"p1\">\n<p>PRODUCTE 100% BIODEGRADABLE<\/p>\n","protected":false},"excerpt":{"rendered":"<p>FERRINET ULTRA, Descontaminant F\u00e8rric 25L.<\/p>\n","protected":false},"featured_media":13575,"comment_status":"closed","ping_status":"open","template":"","meta":{"inline_featured_image":false,"_jet_sm_ready_style":"","_jet_sm_style":"","_jet_sm_controls_values":"","_jet_sm_fonts_collection":"","_jet_sm_fonts_links":"","_joinchat":[]},"product_brand":[],"product_cat":[722,800,723,724,725],"product_tag":[796,728,731],"class_list":{"0":"post-14311","1":"product","2":"type-product","3":"status-publish","4":"has-post-thumbnail","6":"product_cat-automocio","7":"product_cat-descontaminat","8":"product_cat-detailing-ca","9":"product_cat-exterior-ca","10":"product_cat-llandes-i-pneumatics","11":"product_tag-neteja-doxid","12":"product_tag-neteja-de-vehicles","13":"product_tag-ofm-chemicals-ca","15":"first","16":"instock","17":"taxable","18":"shipping-taxable","19":"purchasable","20":"product-type-simple"},"_links":{"self":[{"href":"https:\/\/ofmchemicals.com\/ca\/wp-json\/wp\/v2\/product\/14311","targetHints":{"allow":["GET"]}}],"collection":[{"href":"https:\/\/ofmchemicals.com\/ca\/wp-json\/wp\/v2\/product"}],"about":[{"href":"https:\/\/ofmchemicals.com\/ca\/wp-json\/wp\/v2\/types\/product"}],"replies":[{"embeddable":true,"href":"https:\/\/ofmchemicals.com\/ca\/wp-json\/wp\/v2\/comments?post=14311"}],"version-history":[{"count":0,"href":"https:\/\/ofmchemicals.com\/ca\/wp-json\/wp\/v2\/product\/14311\/revisions"}],"wp:featuredmedia":[{"embeddable":true,"href":"https:\/\/ofmchemicals.com\/ca\/wp-json\/wp\/v2\/media\/13575"}],"wp:attachment":[{"href":"https:\/\/ofmchemicals.com\/ca\/wp-json\/wp\/v2\/media?parent=14311"}],"wp:term":[{"taxonomy":"product_brand","embeddable":true,"href":"https:\/\/ofmchemicals.com\/ca\/wp-json\/wp\/v2\/product_brand?post=14311"},{"taxonomy":"product_cat","embeddable":true,"href":"https:\/\/ofmchemicals.com\/ca\/wp-json\/wp\/v2\/product_cat?post=14311"},{"taxonomy":"product_tag","embeddable":true,"href":"https:\/\/ofmchemicals.com\/ca\/wp-json\/wp\/v2\/product_tag?post=14311"}],"curies":[{"name":"wp","href":"https:\/\/api.w.org\/{rel}","templated":true}]}}