{"id":14273,"date":"2025-02-13T09:46:38","date_gmt":"2025-02-13T08:46:38","guid":{"rendered":"https:\/\/ofmchemicals.com\/producto-ofm\/washwax-750ml\/"},"modified":"2025-02-13T09:46:38","modified_gmt":"2025-02-13T08:46:38","slug":"washwax-750ml","status":"publish","type":"product","link":"https:\/\/ofmchemicals.com\/ca\/tienda-online-de-productos-quimicos\/washwax-750ml\/","title":{"rendered":"WASH@WAX 750ML"},"content":{"rendered":"<p class=\"p1\"><b>OFM-WASH@WAX 750ML<\/b><\/p>\n<p class=\"p1\">\u00c9s un detergent d&#8217;alt poder escumant i humectant dissenyat per facilitar la neteja i l&#8217;assecat manual de vehicles, tornant-ne el color i la brillantor original. La seva formulaci\u00f3 inclou ceres que protegeixen la superf\u00edcie del vehicle tant d&#8217;agents atmosf\u00e8rics com de productes c\u00e0ustics utilitzats per netejar-los. <\/p>\n<p>Proporciona una agradable i dol\u00e7a olor de piruleta, elimina la brut\u00edcia mentre protegeix la pintura del vehicle. Proporciona un acabat lluent despr\u00e9s del seu esbandit i assecat. Impedeix l&#8217;acumulaci\u00f3 de brut\u00edcia, mantenint el vehicle net durant m\u00e9s temps. Excel\u00b7lent producte per a SNOW FOAM. Aquest \u00e9s el format de 750ML.    <\/p>\n<hr>\n<p class=\"p1\"><b>FORMATS<\/b><\/p>\n<p class=\"p1\">750ML, 5L, 25L, IBC<\/p>\n<hr>\n<p class=\"p1\"><b>MODE D&#8217;OCUPACI\u00d3<\/b><\/p>\n<p class=\"p1\">S&#8217;aplica al rentat manual d&#8217;1 a 2 taps per cada 10l d&#8217;aigua, ensabonar amb esponja per adherir les ceres a la carrosseria. Diluir entre el 10-30% per a utilitzaci\u00f3 de m\u00e0quina o llan\u00e7a foam aconseguint una escuma molt densa i pesada que arrossega la brut\u00edcia. <\/p>\n<hr>\n<p class=\"p1\"><b>ADVERTIMENTS<\/b><\/p>\n<p>PRODUCTE 100% BIODEGRADABLE<\/p>\n","protected":false},"excerpt":{"rendered":"<p>Xamp\u00fa amb cera 750ML.<\/p>\n","protected":false},"featured_media":13899,"comment_status":"closed","ping_status":"closed","template":"","meta":{"inline_featured_image":false,"_jet_sm_ready_style":"","_jet_sm_style":"","_jet_sm_controls_values":"","_jet_sm_fonts_collection":"","_jet_sm_fonts_links":"","_joinchat":[]},"product_brand":[],"product_cat":[722,723,724,783],"product_tag":[730,727,784,731],"class_list":{"0":"post-14273","1":"product","2":"type-product","3":"status-publish","4":"has-post-thumbnail","6":"product_cat-automocio","7":"product_cat-detailing-ca","8":"product_cat-exterior-ca","9":"product_cat-rentar","10":"product_tag-biodegradable-ca","11":"product_tag-detailing-ca","12":"product_tag-detergent-ca","13":"product_tag-ofm-chemicals-ca","15":"first","16":"instock","17":"taxable","18":"shipping-taxable","19":"purchasable","20":"product-type-simple"},"_links":{"self":[{"href":"https:\/\/ofmchemicals.com\/ca\/wp-json\/wp\/v2\/product\/14273","targetHints":{"allow":["GET"]}}],"collection":[{"href":"https:\/\/ofmchemicals.com\/ca\/wp-json\/wp\/v2\/product"}],"about":[{"href":"https:\/\/ofmchemicals.com\/ca\/wp-json\/wp\/v2\/types\/product"}],"replies":[{"embeddable":true,"href":"https:\/\/ofmchemicals.com\/ca\/wp-json\/wp\/v2\/comments?post=14273"}],"version-history":[{"count":0,"href":"https:\/\/ofmchemicals.com\/ca\/wp-json\/wp\/v2\/product\/14273\/revisions"}],"wp:featuredmedia":[{"embeddable":true,"href":"https:\/\/ofmchemicals.com\/ca\/wp-json\/wp\/v2\/media\/13899"}],"wp:attachment":[{"href":"https:\/\/ofmchemicals.com\/ca\/wp-json\/wp\/v2\/media?parent=14273"}],"wp:term":[{"taxonomy":"product_brand","embeddable":true,"href":"https:\/\/ofmchemicals.com\/ca\/wp-json\/wp\/v2\/product_brand?post=14273"},{"taxonomy":"product_cat","embeddable":true,"href":"https:\/\/ofmchemicals.com\/ca\/wp-json\/wp\/v2\/product_cat?post=14273"},{"taxonomy":"product_tag","embeddable":true,"href":"https:\/\/ofmchemicals.com\/ca\/wp-json\/wp\/v2\/product_tag?post=14273"}],"curies":[{"name":"wp","href":"https:\/\/api.w.org\/{rel}","templated":true}]}}