{"id":14262,"date":"2025-02-13T09:46:38","date_gmt":"2025-02-13T08:46:38","guid":{"rendered":"https:\/\/ofmchemicals.com\/producto-ofm\/tens-espum-25l\/"},"modified":"2025-02-13T09:46:38","modified_gmt":"2025-02-13T08:46:38","slug":"tens-espum-25l","status":"publish","type":"product","link":"https:\/\/ofmchemicals.com\/ca\/tienda-online-de-productos-quimicos\/tens-espum-25l\/","title":{"rendered":"TENS ESPUM 25L"},"content":{"rendered":"<p class=\"p1\"><b>OFM-TENS ESPUM 25L<\/b><\/p>\n<p class=\"p1\">El <strong>Tenso espum<\/strong> \u00e9s un detergent l\u00edquid concentrat que sobresurt per la seva gran capacitat escumant i la seva efica\u00e7 capacitat emulsionant d&#8217;olis i dissolvents. Aquesta f\u00f3rmula avan\u00e7ada permet la seva aplicaci\u00f3 amb dosis m\u00ednimes, fins i tot en aig\u00fces de proced\u00e8ncia diferent, gr\u00e0cies a la seva alta concentraci\u00f3. <\/p>\n<p>Caracter\u00edstiques destacades de la <strong>Tenso espum<\/strong> ::\n<\/p>\n<ul>\n<li>Poder escumant superior: genera una escuma abundant i d&#8217;alta qualitat que en potencia la capacitat de neteja.<\/li>\n<li>Versatilitat d&#8217;\u00fas: el seu poder emulsionant excel\u00b7lent permet una aplicaci\u00f3 efectiva en una \u00e0mplia gamma d&#8217;aig\u00fces, aportant resultats consistents.<\/li>\n<li>Concentraci\u00f3 elevada: la formulaci\u00f3 altament concentrada assegura un rendiment \u00f2ptim amb dosis redu\u00efdes.<\/li>\n<li>Efic\u00e0cia provada: proporciona una neteja profunda i efectiva en superf\u00edcies variades, eliminant olis i brut\u00edcies amb facilitat.<\/li>\n<\/ul>\n<p><strong>Tenso escum<\/strong> destaca per la seva capacitat per produir escuma d&#8217;alta qualitat i la seva versatilitat en adaptar-se a diferents tipus d&#8217;aig\u00fces, oferint resultats de neteja \u00f2ptims amb dosis m\u00ednimes.<\/p>\n<hr>\n<p>  Aquest \u00e9s el format de 25L.<\/p>\n<hr>\n<p class=\"p1\"><b>FORMATS<\/b><\/p>\n<p class=\"p1\">750ML, 5L, 25L, IBC<\/p>\n<hr>\n<p class=\"p1\"><b>MODE D&#8217;OCUPACI\u00d3<\/b><\/p>\n<p class=\"p1\">Utilitzeu en m\u00e0quines de pressi\u00f3 o t\u00fanels de rentat, amb una dosificaci\u00f3 orientativa de 2 a 4 grams per litre d&#8217;aigua.<\/p>\n<hr>\n<p class=\"p1\"><b>ADVERTIMENTS<\/b><\/p>\n<p class=\"p1\">\n<p>PRODUCTE 100% BIODEGRADABLE<\/p>\n","protected":false},"excerpt":{"rendered":"<p>Sab\u00f3 desengreixant cristal\u00b7litzador 25L.<\/p>\n","protected":false},"featured_media":13647,"comment_status":"closed","ping_status":"open","template":"","meta":{"inline_featured_image":false,"_jet_sm_ready_style":"","_jet_sm_style":"","_jet_sm_controls_values":"","_jet_sm_fonts_collection":"","_jet_sm_fonts_links":"","_joinchat":[]},"product_brand":[],"product_cat":[722,723,724,783],"product_tag":[730,727,784,731],"class_list":{"0":"post-14262","1":"product","2":"type-product","3":"status-publish","4":"has-post-thumbnail","6":"product_cat-automocio","7":"product_cat-detailing-ca","8":"product_cat-exterior-ca","9":"product_cat-rentar","10":"product_tag-biodegradable-ca","11":"product_tag-detailing-ca","12":"product_tag-detergent-ca","13":"product_tag-ofm-chemicals-ca","15":"first","16":"instock","17":"taxable","18":"shipping-taxable","19":"purchasable","20":"product-type-simple"},"_links":{"self":[{"href":"https:\/\/ofmchemicals.com\/ca\/wp-json\/wp\/v2\/product\/14262","targetHints":{"allow":["GET"]}}],"collection":[{"href":"https:\/\/ofmchemicals.com\/ca\/wp-json\/wp\/v2\/product"}],"about":[{"href":"https:\/\/ofmchemicals.com\/ca\/wp-json\/wp\/v2\/types\/product"}],"replies":[{"embeddable":true,"href":"https:\/\/ofmchemicals.com\/ca\/wp-json\/wp\/v2\/comments?post=14262"}],"version-history":[{"count":0,"href":"https:\/\/ofmchemicals.com\/ca\/wp-json\/wp\/v2\/product\/14262\/revisions"}],"wp:featuredmedia":[{"embeddable":true,"href":"https:\/\/ofmchemicals.com\/ca\/wp-json\/wp\/v2\/media\/13647"}],"wp:attachment":[{"href":"https:\/\/ofmchemicals.com\/ca\/wp-json\/wp\/v2\/media?parent=14262"}],"wp:term":[{"taxonomy":"product_brand","embeddable":true,"href":"https:\/\/ofmchemicals.com\/ca\/wp-json\/wp\/v2\/product_brand?post=14262"},{"taxonomy":"product_cat","embeddable":true,"href":"https:\/\/ofmchemicals.com\/ca\/wp-json\/wp\/v2\/product_cat?post=14262"},{"taxonomy":"product_tag","embeddable":true,"href":"https:\/\/ofmchemicals.com\/ca\/wp-json\/wp\/v2\/product_tag?post=14262"}],"curies":[{"name":"wp","href":"https:\/\/api.w.org\/{rel}","templated":true}]}}