{"id":14249,"date":"2025-02-13T09:46:38","date_gmt":"2025-02-13T08:46:38","guid":{"rendered":"https:\/\/ofmchemicals.com\/producto-ofm\/thecno-wheel-5l\/"},"modified":"2025-02-13T09:46:38","modified_gmt":"2025-02-13T08:46:38","slug":"thecno-wheel-5l","status":"publish","type":"product","link":"https:\/\/ofmchemicals.com\/ca\/tienda-online-de-productos-quimicos\/thecno-wheel-5l\/","title":{"rendered":"THECNO WHEEL 5L"},"content":{"rendered":"<p class=\"p1\"><b>OFM-THECNO WHEEL 5L<\/b><\/p>\n<p class=\"p1\">THECNO WHEEL \u00e9s altament concentrat i \u00e0cid, dissenyat espec\u00edficament per a una neteja potent de llantes dalumini en vehicles. Elimina efica\u00e7ment la carboneta i la brut\u00edcia incrustada a les llantes, tornant-los un aspecte net i brillant. <\/p>\n<p>Deixa les llantes completament netes i amb una brillantor excepcional. Amb petites quantitats garanteixen resultats notables. Aquest \u00e9s el format de 5L.  <\/p>\n<hr>\n<p class=\"p1\"><b>FORMATS<\/b><\/p>\n<p class=\"p1\">5L, 25L, IBC<\/p>\n<hr>\n<p class=\"p1\"><b>MODE D&#8217;OCUPACI\u00d3<\/b><\/p>\n<p class=\"p1\">Aplicar sobre la superf\u00edcie que cal netejar. Fregar lleugerament, deixar actuar 1 o 2 minuts i aclarir finalment amb aigua abundant. Es pot fer servir pur per a superf\u00edcies molt incrustades o dilu\u00eft al 20-25% en aigua. ATENCI\u00d3: Aplicar uniformement per tota la superf\u00edcie que cal netejar i no deixar actuar durant un temps excessiu. No utilitzar a MOTOS.    <\/p>\n<hr>\n<p class=\"p1\"><b>ADVERTIMENTS<\/b><\/p>\n<p class=\"p1\">\n<p>PRODUCTE 100% BIODEGRADABLE<\/p>\n","protected":false},"excerpt":{"rendered":"<p>THECNO WHEEL Neteja llantes \u00c0cid concentrat 5L.<\/p>\n","protected":false},"featured_media":13839,"comment_status":"closed","ping_status":"open","template":"","meta":{"inline_featured_image":false,"_jet_sm_ready_style":"","_jet_sm_style":"","_jet_sm_controls_values":"","_jet_sm_fonts_collection":"","_jet_sm_fonts_links":"","_joinchat":[]},"product_brand":[],"product_cat":[722,723,724,725,772],"product_tag":[730,727,728,729,731],"class_list":{"0":"post-14249","1":"product","2":"type-product","3":"status-publish","4":"has-post-thumbnail","6":"product_cat-automocio","7":"product_cat-detailing-ca","8":"product_cat-exterior-ca","9":"product_cat-llandes-i-pneumatics","10":"product_cat-tunel-ca","11":"product_tag-biodegradable-ca","12":"product_tag-detailing-ca","13":"product_tag-neteja-de-vehicles","14":"product_tag-neteja-exterior-de-vehicles","15":"product_tag-ofm-chemicals-ca","17":"first","18":"instock","19":"taxable","20":"shipping-taxable","21":"purchasable","22":"product-type-simple"},"_links":{"self":[{"href":"https:\/\/ofmchemicals.com\/ca\/wp-json\/wp\/v2\/product\/14249","targetHints":{"allow":["GET"]}}],"collection":[{"href":"https:\/\/ofmchemicals.com\/ca\/wp-json\/wp\/v2\/product"}],"about":[{"href":"https:\/\/ofmchemicals.com\/ca\/wp-json\/wp\/v2\/types\/product"}],"replies":[{"embeddable":true,"href":"https:\/\/ofmchemicals.com\/ca\/wp-json\/wp\/v2\/comments?post=14249"}],"version-history":[{"count":0,"href":"https:\/\/ofmchemicals.com\/ca\/wp-json\/wp\/v2\/product\/14249\/revisions"}],"wp:featuredmedia":[{"embeddable":true,"href":"https:\/\/ofmchemicals.com\/ca\/wp-json\/wp\/v2\/media\/13839"}],"wp:attachment":[{"href":"https:\/\/ofmchemicals.com\/ca\/wp-json\/wp\/v2\/media?parent=14249"}],"wp:term":[{"taxonomy":"product_brand","embeddable":true,"href":"https:\/\/ofmchemicals.com\/ca\/wp-json\/wp\/v2\/product_brand?post=14249"},{"taxonomy":"product_cat","embeddable":true,"href":"https:\/\/ofmchemicals.com\/ca\/wp-json\/wp\/v2\/product_cat?post=14249"},{"taxonomy":"product_tag","embeddable":true,"href":"https:\/\/ofmchemicals.com\/ca\/wp-json\/wp\/v2\/product_tag?post=14249"}],"curies":[{"name":"wp","href":"https:\/\/api.w.org\/{rel}","templated":true}]}}