{"id":14248,"date":"2025-02-13T09:46:38","date_gmt":"2025-02-13T08:46:38","guid":{"rendered":"https:\/\/ofmchemicals.com\/producto-ofm\/star-wheel-25l\/"},"modified":"2025-02-13T09:46:38","modified_gmt":"2025-02-13T08:46:38","slug":"star-wheel-25l","status":"publish","type":"product","link":"https:\/\/ofmchemicals.com\/ca\/tienda-online-de-productos-quimicos\/star-wheel-25l\/","title":{"rendered":"STAR WHEEL 25L"},"content":{"rendered":"<p class=\"p1\"><b>OFM-STAR WHEEL 25L<\/b><\/p>\n<p class=\"p1\">STAR WHEEL \u00e9s un neteja llantes altament concentrat i alcal\u00ed, especialment dissenyat per a una neteja potent de llantes dalumini en vehicles. Elimina efica\u00e7ment la carboneta i l&#8217;acumulaci\u00f3 de brut\u00edcia, tornant a les llantes un acabat impecable i brillant gr\u00e0cies a la seva f\u00f3rmula exclusiva amb abrillantador. <\/p>\n<p>Ideal per a llantes d&#8217;alumini o qualsevol altre tipus de material. Aquest \u00e9s el format de 25L. <\/p>\n<hr>\n<p class=\"p1\"><b>FORMATS<\/b><\/p>\n<p class=\"p1\">750ML, 5L, 25L, IBC<\/p>\n<hr>\n<p class=\"p1\"><b>MODE D&#8217;OCUPACI\u00d3<\/b><\/p>\n<p class=\"p1\">Aplicar sobre la superf\u00edcie que cal netejar. Fregar lleugerament, deixar actuar 1 o 2 minuts i aclarir finalment amb aigua abundant. Es pot fer servir pur per a superf\u00edcies molt incrustades o dilu\u00eft al 20-25% en aigua. ATENCI\u00d3: Aplicar uniformement per tota la superf\u00edcie a netejar i no deixar actuar durant un temps excessiu, per a MOTOS utilitzar sempre dilu\u00eft.   <\/p>\n<hr>\n<p class=\"p1\"><b>ADVERTIMENTS<\/b><\/p>\n<p class=\"p1\">\n<p>PRODUCTE 100% BIODEGRADABLE<\/p>\n","protected":false},"excerpt":{"rendered":"<p>STAR WHEEL \u00e9s un neteja llantes altament concentrat i alcal\u00ed, especialment dissenyat per a una neteja potent de llantes dalumini en vehicles. 25L. <\/p>\n","protected":false},"featured_media":13635,"comment_status":"closed","ping_status":"open","template":"","meta":{"inline_featured_image":false,"_jet_sm_ready_style":"","_jet_sm_style":"","_jet_sm_controls_values":"","_jet_sm_fonts_collection":"","_jet_sm_fonts_links":"","_joinchat":[]},"product_brand":[],"product_cat":[722,775,723,724,725,772],"product_tag":[730,727,728,729,731],"class_list":{"0":"post-14248","1":"product","2":"type-product","3":"status-publish","4":"has-post-thumbnail","6":"product_cat-automocio","7":"product_cat-boxes-ca","8":"product_cat-detailing-ca","9":"product_cat-exterior-ca","10":"product_cat-llandes-i-pneumatics","11":"product_cat-tunel-ca","12":"product_tag-biodegradable-ca","13":"product_tag-detailing-ca","14":"product_tag-neteja-de-vehicles","15":"product_tag-neteja-exterior-de-vehicles","16":"product_tag-ofm-chemicals-ca","18":"first","19":"instock","20":"taxable","21":"shipping-taxable","22":"purchasable","23":"product-type-simple"},"_links":{"self":[{"href":"https:\/\/ofmchemicals.com\/ca\/wp-json\/wp\/v2\/product\/14248","targetHints":{"allow":["GET"]}}],"collection":[{"href":"https:\/\/ofmchemicals.com\/ca\/wp-json\/wp\/v2\/product"}],"about":[{"href":"https:\/\/ofmchemicals.com\/ca\/wp-json\/wp\/v2\/types\/product"}],"replies":[{"embeddable":true,"href":"https:\/\/ofmchemicals.com\/ca\/wp-json\/wp\/v2\/comments?post=14248"}],"version-history":[{"count":0,"href":"https:\/\/ofmchemicals.com\/ca\/wp-json\/wp\/v2\/product\/14248\/revisions"}],"wp:featuredmedia":[{"embeddable":true,"href":"https:\/\/ofmchemicals.com\/ca\/wp-json\/wp\/v2\/media\/13635"}],"wp:attachment":[{"href":"https:\/\/ofmchemicals.com\/ca\/wp-json\/wp\/v2\/media?parent=14248"}],"wp:term":[{"taxonomy":"product_brand","embeddable":true,"href":"https:\/\/ofmchemicals.com\/ca\/wp-json\/wp\/v2\/product_brand?post=14248"},{"taxonomy":"product_cat","embeddable":true,"href":"https:\/\/ofmchemicals.com\/ca\/wp-json\/wp\/v2\/product_cat?post=14248"},{"taxonomy":"product_tag","embeddable":true,"href":"https:\/\/ofmchemicals.com\/ca\/wp-json\/wp\/v2\/product_tag?post=14248"}],"curies":[{"name":"wp","href":"https:\/\/api.w.org\/{rel}","templated":true}]}}