{"id":14234,"date":"2025-02-13T09:46:38","date_gmt":"2025-02-13T08:46:38","guid":{"rendered":"https:\/\/ofmchemicals.com\/producto-ofm\/tire-shine-750ml\/"},"modified":"2025-02-13T09:46:38","modified_gmt":"2025-02-13T08:46:38","slug":"tire-shine-750ml","status":"publish","type":"product","link":"https:\/\/ofmchemicals.com\/ca\/tienda-online-de-productos-quimicos\/tire-shine-750ml\/","title":{"rendered":"TIRE SHINE 750ML"},"content":{"rendered":"<p class=\"p1\"><b>OFM-TIRE SHINE 750ML<\/b><\/p>\n<p class=\"p1\">TIRE SHINE \u00e9s un abrillantador de gomes i cautx\u00fas. El nostre abrillantador de pneum\u00e0tics \u00e9s un producte especialment dissenyat per donar una brillantor intensa als teus pneum\u00e0tics. <\/p>\n<p>\u00c9s molt \u00fatil per abrillantar qualsevol tipus de goma o cautx\u00fa com les manxes de les portes, gomes interiors de les portes o terres de furgonetes. Aquest \u00e9s el format de 750ML. <\/p>\n<hr>\n<p class=\"p1\"><b>FORMATS<\/b><\/p>\n<p class=\"p1\">750ML, 5L, 25L, IBC<\/p>\n<hr>\n<p class=\"p1\"><b>MODE D&#8217;OCUPACI\u00d3<\/b><\/p>\n<p class=\"p1\">S&#8217;utilitza el producte pur aplicant-lo directament sobre el pneum\u00e0tic per polvoritzaci\u00f3, de manera que quedi uniformement repartit per tota la superf\u00edcie, si es vol un acabat mat aplicar amb drap o esponja, per a interiors de furgoneta polvoritzar i retirar l&#8217;exc\u00e9s amb un drap net.<\/p>\n<hr>\n<p class=\"p1\"><b>ADVERTIMENTS<\/b><\/p>\n<p>PRODUCTE 100% BIODEGRADABLE<\/p>\n","protected":false},"excerpt":{"rendered":"<p>TIRE SHINE abrillantador de pneum\u00e0tics i gomes eco 750ML.<\/p>\n","protected":false},"featured_media":13891,"comment_status":"closed","ping_status":"closed","template":"","meta":{"inline_featured_image":false,"_jet_sm_ready_style":"","_jet_sm_style":"","_jet_sm_controls_values":"","_jet_sm_fonts_collection":"","_jet_sm_fonts_links":"","_joinchat":[]},"product_brand":[],"product_cat":[722,723,724,725,726],"product_tag":[730,727,728,729,731],"class_list":{"0":"post-14234","1":"product","2":"type-product","3":"status-publish","4":"has-post-thumbnail","6":"product_cat-automocio","7":"product_cat-detailing-ca","8":"product_cat-exterior-ca","9":"product_cat-llandes-i-pneumatics","10":"product_cat-plastics-i-gomes","11":"product_tag-biodegradable-ca","12":"product_tag-detailing-ca","13":"product_tag-neteja-de-vehicles","14":"product_tag-neteja-exterior-de-vehicles","15":"product_tag-ofm-chemicals-ca","17":"first","18":"instock","19":"taxable","20":"shipping-taxable","21":"purchasable","22":"product-type-simple"},"_links":{"self":[{"href":"https:\/\/ofmchemicals.com\/ca\/wp-json\/wp\/v2\/product\/14234","targetHints":{"allow":["GET"]}}],"collection":[{"href":"https:\/\/ofmchemicals.com\/ca\/wp-json\/wp\/v2\/product"}],"about":[{"href":"https:\/\/ofmchemicals.com\/ca\/wp-json\/wp\/v2\/types\/product"}],"replies":[{"embeddable":true,"href":"https:\/\/ofmchemicals.com\/ca\/wp-json\/wp\/v2\/comments?post=14234"}],"version-history":[{"count":0,"href":"https:\/\/ofmchemicals.com\/ca\/wp-json\/wp\/v2\/product\/14234\/revisions"}],"wp:featuredmedia":[{"embeddable":true,"href":"https:\/\/ofmchemicals.com\/ca\/wp-json\/wp\/v2\/media\/13891"}],"wp:attachment":[{"href":"https:\/\/ofmchemicals.com\/ca\/wp-json\/wp\/v2\/media?parent=14234"}],"wp:term":[{"taxonomy":"product_brand","embeddable":true,"href":"https:\/\/ofmchemicals.com\/ca\/wp-json\/wp\/v2\/product_brand?post=14234"},{"taxonomy":"product_cat","embeddable":true,"href":"https:\/\/ofmchemicals.com\/ca\/wp-json\/wp\/v2\/product_cat?post=14234"},{"taxonomy":"product_tag","embeddable":true,"href":"https:\/\/ofmchemicals.com\/ca\/wp-json\/wp\/v2\/product_tag?post=14234"}],"curies":[{"name":"wp","href":"https:\/\/api.w.org\/{rel}","templated":true}]}}