{"id":12641,"date":"2025-02-13T09:47:39","date_gmt":"2025-02-13T08:47:39","guid":{"rendered":"https:\/\/ofmchemicals.com\/producto-ofm\/dbc-25l\/"},"modified":"2025-03-04T11:50:02","modified_gmt":"2025-03-04T10:50:02","slug":"dbc-25l","status":"publish","type":"product","link":"https:\/\/ofmchemicals.com\/ca\/tienda-online-de-productos-quimicos\/dbc-25l\/","title":{"rendered":"DBC 25L"},"content":{"rendered":"<p class=\"p1\"><b>OFM-DBC 25L<\/b><\/p>\n<p class=\"p1\">Aditivo blanqueador desmanchante para el tratamiento de los tejidos, a base de cloro activo. Blanquea y elimina las manchas resistentes al lavado convencional. como son manchas de salsas, vino, caf\u00e9, etc. Ideal para el blanqueo y desmanchado de manteler\u00edas, s\u00e1banas, toallas, etc. Previene y evita el amarilleamiento de la ropa producido por el \u00f3xido y las sales de hierro.. Blanqueante l\u00edquido clorado. Este es el formato de 25L.<\/p>\n<hr \/>\n<p class=\"p1\"><b>FORMATOS<\/b><\/p>\n<p class=\"p1\"><a href=\"https:\/\/ofmchemicals.com\/producto-ofm\/dbc-5l\/\">5L<\/a>, <a href=\"https:\/\/ofmchemicals.com\/producto-ofm\/dbc-25l\/\">25L<\/a><\/p>\n<hr \/>\n<p class=\"p1\"><b>MODO DE EMPLEO<\/b><\/p>\n<hr \/>\n<p class=\"p1\"><b>ADVERTENCIAS<\/b><\/p>\n<p class=\"p1\">\n","protected":false},"excerpt":{"rendered":"<p>Blanqueante l\u00edquido clorado 25L.<\/p>\n","protected":false},"featured_media":11996,"comment_status":"closed","ping_status":"closed","template":"","meta":{"inline_featured_image":false,"_jet_sm_ready_style":"","_jet_sm_style":"","_jet_sm_controls_values":"","_jet_sm_fonts_collection":"","_jet_sm_fonts_links":"","_joinchat":[]},"product_brand":[],"product_cat":[690,634,687],"product_tag":[],"class_list":{"0":"post-12641","1":"product","2":"type-product","3":"status-publish","4":"has-post-thumbnail","6":"product_cat-blanqueante-reforzante","7":"product_cat-hosteleria","8":"product_cat-lavanderia","10":"first","11":"instock","12":"taxable","13":"shipping-taxable","14":"purchasable","15":"product-type-simple"},"_links":{"self":[{"href":"https:\/\/ofmchemicals.com\/ca\/wp-json\/wp\/v2\/product\/12641","targetHints":{"allow":["GET"]}}],"collection":[{"href":"https:\/\/ofmchemicals.com\/ca\/wp-json\/wp\/v2\/product"}],"about":[{"href":"https:\/\/ofmchemicals.com\/ca\/wp-json\/wp\/v2\/types\/product"}],"replies":[{"embeddable":true,"href":"https:\/\/ofmchemicals.com\/ca\/wp-json\/wp\/v2\/comments?post=12641"}],"version-history":[{"count":4,"href":"https:\/\/ofmchemicals.com\/ca\/wp-json\/wp\/v2\/product\/12641\/revisions"}],"predecessor-version":[{"id":13112,"href":"https:\/\/ofmchemicals.com\/ca\/wp-json\/wp\/v2\/product\/12641\/revisions\/13112"}],"wp:featuredmedia":[{"embeddable":true,"href":"https:\/\/ofmchemicals.com\/ca\/wp-json\/wp\/v2\/media\/11996"}],"wp:attachment":[{"href":"https:\/\/ofmchemicals.com\/ca\/wp-json\/wp\/v2\/media?parent=12641"}],"wp:term":[{"taxonomy":"product_brand","embeddable":true,"href":"https:\/\/ofmchemicals.com\/ca\/wp-json\/wp\/v2\/product_brand?post=12641"},{"taxonomy":"product_cat","embeddable":true,"href":"https:\/\/ofmchemicals.com\/ca\/wp-json\/wp\/v2\/product_cat?post=12641"},{"taxonomy":"product_tag","embeddable":true,"href":"https:\/\/ofmchemicals.com\/ca\/wp-json\/wp\/v2\/product_tag?post=12641"}],"curies":[{"name":"wp","href":"https:\/\/api.w.org\/{rel}","templated":true}]}}