{"id":12605,"date":"2025-02-13T09:47:28","date_gmt":"2025-02-13T08:47:28","guid":{"rendered":"https:\/\/ofmchemicals.com\/producto-ofm\/gel-hidro-5l\/"},"modified":"2025-03-04T11:56:51","modified_gmt":"2025-03-04T10:56:51","slug":"gel-hidro-5l","status":"publish","type":"product","link":"https:\/\/ofmchemicals.com\/ca\/tienda-online-de-productos-quimicos\/gel-hidro-5l\/","title":{"rendered":"GEL HIDRO 5L"},"content":{"rendered":"<p class=\"p1\"><b>OFM-GEL HIDRO 5L<\/b><\/p>\n<p class=\"p1\">Gel de manos antis\u00e9ptico. Gel hidroalcoh\u00f3lico, potenciado con Aloe Vera, especialmente dise\u00f1ado para la higienizaci\u00f3n r\u00e1pida y eficiente de las manos, mediante la t\u00e9cnica de fricci\u00f3n.<\/p>\n<p>Higienizaci\u00f3n r\u00e1pida y eficaz de las manos, eliminando sensiblemente la cantidad de microorganismos presentes en las mismas. Presenta una reducci\u00f3n del orden de 102 a 103 ufc\/ml,despu\u00e9s de un tiempo de contacto de 1 minuto, frente al microorganismo Escherichia coli (K12NCTC 10538), siguiendo un procedimiento basado en la Norma Europea UNE-EN 1500.<\/p>\n<p>No requiere el empleo de agua, jab\u00f3n ni toalla.<br \/>\nRapidez de aplicaci\u00f3n y secado.<br \/>\nEfecto refrescante.<br \/>\nAcci\u00f3n emoliente y humectante que permite mantener la piel hidratada y flexible, evitando el resecamiento de la misma.<br \/>\nAcci\u00f3n suavizante y dermoprotectora, que confiere a las manos un tacto suave y agradable.<br \/>\nPermite efectuar la higienizaci\u00f3n de las manos con gran frecuencia, sin los inconvenientes del lavado tradicional. Este es el formato de 5L.<\/p>\n<hr \/>\n<p class=\"p1\"><b>FORMATOS<\/b><\/p>\n<p class=\"p1\"><a href=\"https:\/\/ofmchemicals.com\/producto-ofm\/gel-hidro-500ml\/\">500ML<\/a>, <a href=\"https:\/\/ofmchemicals.com\/producto-ofm\/gel-hidro-5l\/\">5L<\/a><\/p>\n<hr \/>\n<p class=\"p1\"><b>MODO DE EMPLEO<\/b><\/p>\n<p class=\"p1\">Frotar bien las manos sin necesidad de aclarar con agua.<\/p>\n<hr \/>\n<p class=\"p1\"><b>ADVERTENCIAS<\/b><\/p>\n<p class=\"p1\">\n","protected":false},"excerpt":{"rendered":"<p>Gel hidroalcoh\u00f3lico de manos antis\u00e9ptico<\/p>\n<p>5L.<\/p>\n","protected":false},"featured_media":12048,"comment_status":"closed","ping_status":"closed","template":"","meta":{"inline_featured_image":false,"_jet_sm_ready_style":"","_jet_sm_style":"","_jet_sm_controls_values":"","_jet_sm_fonts_collection":"","_jet_sm_fonts_links":"","_joinchat":[]},"product_brand":[],"product_cat":[632,671,634,675,633,651,669,681,678,684,649],"product_tag":[60,48,67,49,211,69,68],"class_list":{"0":"post-12605","1":"product","2":"type-product","3":"status-publish","4":"has-post-thumbnail","6":"product_cat-automocion","7":"product_cat-eliminadores","8":"product_cat-hosteleria","9":"product_cat-hoteles","10":"product_cat-industria","11":"product_cat-jabon","12":"product_cat-mantenimiento-industrial","13":"product_cat-restaurantes","14":"product_cat-sala","15":"product_cat-sala-restaurantes","16":"product_cat-tunel","17":"product_tag-biodegradable","18":"product_tag-detailing","19":"product_tag-limpieza-de-tapicerias","20":"product_tag-limpieza-de-vehiculos","21":"product_tag-ofm-chemicals","22":"product_tag-salpicadero-de-alcantara","23":"product_tag-salpicadero-de-piel","25":"first","26":"instock","27":"taxable","28":"shipping-taxable","29":"purchasable","30":"product-type-simple"},"_links":{"self":[{"href":"https:\/\/ofmchemicals.com\/ca\/wp-json\/wp\/v2\/product\/12605","targetHints":{"allow":["GET"]}}],"collection":[{"href":"https:\/\/ofmchemicals.com\/ca\/wp-json\/wp\/v2\/product"}],"about":[{"href":"https:\/\/ofmchemicals.com\/ca\/wp-json\/wp\/v2\/types\/product"}],"replies":[{"embeddable":true,"href":"https:\/\/ofmchemicals.com\/ca\/wp-json\/wp\/v2\/comments?post=12605"}],"version-history":[{"count":2,"href":"https:\/\/ofmchemicals.com\/ca\/wp-json\/wp\/v2\/product\/12605\/revisions"}],"predecessor-version":[{"id":13150,"href":"https:\/\/ofmchemicals.com\/ca\/wp-json\/wp\/v2\/product\/12605\/revisions\/13150"}],"wp:featuredmedia":[{"embeddable":true,"href":"https:\/\/ofmchemicals.com\/ca\/wp-json\/wp\/v2\/media\/12048"}],"wp:attachment":[{"href":"https:\/\/ofmchemicals.com\/ca\/wp-json\/wp\/v2\/media?parent=12605"}],"wp:term":[{"taxonomy":"product_brand","embeddable":true,"href":"https:\/\/ofmchemicals.com\/ca\/wp-json\/wp\/v2\/product_brand?post=12605"},{"taxonomy":"product_cat","embeddable":true,"href":"https:\/\/ofmchemicals.com\/ca\/wp-json\/wp\/v2\/product_cat?post=12605"},{"taxonomy":"product_tag","embeddable":true,"href":"https:\/\/ofmchemicals.com\/ca\/wp-json\/wp\/v2\/product_tag?post=12605"}],"curies":[{"name":"wp","href":"https:\/\/api.w.org\/{rel}","templated":true}]}}